{"id":354,"date":"2024-09-14T23:39:59","date_gmt":"2024-09-15T04:39:59","guid":{"rendered":"https:\/\/quilotoa.org\/alpaka\/?page_id=354"},"modified":"2024-09-14T23:43:05","modified_gmt":"2024-09-15T04:43:05","slug":"quilotoa","status":"publish","type":"page","link":"https:\/\/quilotoa.org\/alpaka\/quilotoa\/","title":{"rendered":"Quilotoa"},"content":{"rendered":"\t\t<div data-elementor-type=\"wp-page\" data-elementor-id=\"354\" class=\"elementor elementor-354\">\n\t\t\t\t\t\t<section class=\"elementor-section elementor-top-section elementor-element elementor-element-4c7ef07c elementor-section-height-min-height elementor-section-boxed elementor-section-height-default elementor-section-items-middle\" data-id=\"4c7ef07c\" data-element_type=\"section\" data-settings=\"{&quot;background_background&quot;:&quot;classic&quot;}\">\n\t\t\t\t\t\t\t<div class=\"elementor-background-overlay\"><\/div>\n\t\t\t\t\t\t\t<div class=\"elementor-container elementor-column-gap-no\">\n\t\t\t\t\t<div class=\"elementor-column elementor-col-100 elementor-top-column elementor-element elementor-element-7fdcc8e5\" data-id=\"7fdcc8e5\" data-element_type=\"column\">\n\t\t\t<div class=\"elementor-widget-wrap elementor-element-populated\">\n\t\t\t\t\t\t<div class=\"elementor-element elementor-element-f778f5a elementor-widget elementor-widget-heading\" data-id=\"f778f5a\" data-element_type=\"widget\" data-widget_type=\"heading.default\">\n\t\t\t\t<div class=\"elementor-widget-container\">\n\t\t\t<h3 class=\"elementor-heading-title elementor-size-default\">QUILOTOA<\/h3>\t\t<\/div>\n\t\t\t\t<\/div>\n\t\t\t\t\t<\/div>\n\t\t<\/div>\n\t\t\t\t\t<\/div>\n\t\t<\/section>\n\t\t\t\t<section class=\"elementor-section elementor-top-section elementor-element elementor-element-1907d047 elementor-section-boxed elementor-section-height-default elementor-section-height-default\" data-id=\"1907d047\" data-element_type=\"section\">\n\t\t\t\t\t\t<div class=\"elementor-container elementor-column-gap-no\">\n\t\t\t\t\t<div class=\"elementor-column elementor-col-50 elementor-top-column elementor-element elementor-element-2aff6bdf\" data-id=\"2aff6bdf\" data-element_type=\"column\">\n\t\t\t<div class=\"elementor-widget-wrap elementor-element-populated\">\n\t\t\t\t\t\t<div class=\"elementor-element elementor-element-292adfde elementor-widget elementor-widget-heading\" data-id=\"292adfde\" data-element_type=\"widget\" data-widget_type=\"heading.default\">\n\t\t\t\t<div class=\"elementor-widget-container\">\n\t\t\t<h3 class=\"elementor-heading-title elementor-size-default\">LAGUNA QUILOTOA<\/h3>\t\t<\/div>\n\t\t\t\t<\/div>\n\t\t\t\t<div class=\"elementor-element elementor-element-6b1b4619 elementor-widget elementor-widget-text-editor\" data-id=\"6b1b4619\" data-element_type=\"widget\" data-widget_type=\"text-editor.default\">\n\t\t\t\t<div class=\"elementor-widget-container\">\n\t\t\t\t\t\t\t<p><b>Quilotoa<\/b><span style=\"font-weight: 400;\">, un cr\u00e1ter volc\u00e1nico transformado en una espectacular laguna turquesa en los Andes Centrales de Ecuador, es un destino que fusiona aventura, cultura y naturaleza. Los visitantes pueden descender a las tranquilas aguas de la laguna para practicar kayak, bote a motor o disfrutar de la zona de camping. sin duda uno de los mejores recorridos es al borde del cr\u00e1ter, 10 km donde puedes observar las cordilleras, valles ca\u00f1ones alrededor, y disfrutar de vistas panor\u00e1micas que quitan el aliento.\u00a0<\/span><\/p><p><span style=\"font-weight: 400;\">Te recomendamos destinar unos dias para explorar el famoso <\/span><b>Quilotoa Loop<\/b><span style=\"font-weight: 400;\">, la mejor ruta de trekking de Ecuador, conectando algunos pueblos andinos, durante algunos d\u00edas antes de llegar a la famosa laguna volcanica Quilotoa. Este recorrido no solo desaf\u00eda a los aventureros con sus caminos esc\u00e9nicos y diversidad de paisajes, sino que tambi\u00e9n ofrece una profunda conexi\u00f3n con las tradiciones ancestrales y la hospitalidad de las comunidades locales, haciendo de Quilotoa y su entorno un destino tur\u00edstico inolvidable.<\/span><\/p>\t\t\t\t\t\t<\/div>\n\t\t\t\t<\/div>\n\t\t\t\t<div class=\"elementor-element elementor-element-2f18fe4d elementor-widget elementor-widget-image\" data-id=\"2f18fe4d\" data-element_type=\"widget\" data-widget_type=\"image.default\">\n\t\t\t\t<div class=\"elementor-widget-container\">\n\t\t\t\t\t\t\t\t\t\t\t\t\t<img fetchpriority=\"high\" decoding=\"async\" width=\"720\" height=\"540\" src=\"https:\/\/quilotoa.org\/alpaka\/wp-content\/uploads\/2024\/09\/QUIL-010-1024x768.jpg\" class=\"attachment-large size-large wp-image-358\" alt=\"\" srcset=\"https:\/\/quilotoa.org\/alpaka\/wp-content\/uploads\/2024\/09\/QUIL-010-1024x768.jpg 1024w, https:\/\/quilotoa.org\/alpaka\/wp-content\/uploads\/2024\/09\/QUIL-010-300x225.jpg 300w, https:\/\/quilotoa.org\/alpaka\/wp-content\/uploads\/2024\/09\/QUIL-010-768x576.jpg 768w, https:\/\/quilotoa.org\/alpaka\/wp-content\/uploads\/2024\/09\/QUIL-010-80x60.jpg 80w, https:\/\/quilotoa.org\/alpaka\/wp-content\/uploads\/2024\/09\/QUIL-010-600x450.jpg 600w, https:\/\/quilotoa.org\/alpaka\/wp-content\/uploads\/2024\/09\/QUIL-010.jpg 1040w\" sizes=\"(max-width: 720px) 100vw, 720px\" \/>\t\t\t\t\t\t\t\t\t\t\t\t\t<\/div>\n\t\t\t\t<\/div>\n\t\t\t\t\t<\/div>\n\t\t<\/div>\n\t\t\t\t<div class=\"elementor-column elementor-col-50 elementor-top-column elementor-element elementor-element-7739b2d\" data-id=\"7739b2d\" data-element_type=\"column\">\n\t\t\t<div class=\"elementor-widget-wrap elementor-element-populated\">\n\t\t\t\t\t\t<div class=\"elementor-element elementor-element-27aac9f0 elementor-widget elementor-widget-heading\" data-id=\"27aac9f0\" data-element_type=\"widget\" data-widget_type=\"heading.default\">\n\t\t\t\t<div class=\"elementor-widget-container\">\n\t\t\t<h3 class=\"elementor-heading-title elementor-size-default\">QUILOTOA LAGOON\u00a0<\/h3>\t\t<\/div>\n\t\t\t\t<\/div>\n\t\t\t\t<div class=\"elementor-element elementor-element-57e53331 elementor-widget elementor-widget-text-editor\" data-id=\"57e53331\" data-element_type=\"widget\" data-widget_type=\"text-editor.default\">\n\t\t\t\t<div class=\"elementor-widget-container\">\n\t\t\t\t\t\t\t<p><span style=\"font-weight: 400;\"><strong>Quilotoa<\/strong>, a volcanic crater transformed into a stunning turquoise lagoon in the Central Andes of Ecuador, is a destination that combines adventure, culture, and nature. Visitors can descend to the calm waters of the lagoon to enjoy kayaking, motor boating, or camping. Undoubtedly, one of the best routes is along the crater\u2019s edge, a 10 km trail offering breathtaking panoramic views of the surrounding mountain ranges, valleys, and canyons.<\/span><\/p><p><span style=\"font-weight: 400;\">We recommend setting aside a few days to explore the famous Quilotoa Loop, the best trekking route in Ecuador, which connects several Andean villages over the course of a few days before reaching the renowned Quilotoa volcanic lagoon. This journey not only challenges adventurers with its scenic trails and diverse landscapes, but also provides a deep connection with ancestral traditions and the warm hospitality of local communities, making Quilotoa and its surroundings an unforgettable travel destination.<\/span><\/p>\t\t\t\t\t\t<\/div>\n\t\t\t\t<\/div>\n\t\t\t\t<div class=\"elementor-element elementor-element-6f94bf33 elementor-widget elementor-widget-image\" data-id=\"6f94bf33\" data-element_type=\"widget\" data-widget_type=\"image.default\">\n\t\t\t\t<div class=\"elementor-widget-container\">\n\t\t\t\t\t\t\t\t\t\t\t\t\t<img decoding=\"async\" width=\"720\" height=\"720\" src=\"https:\/\/quilotoa.org\/alpaka\/wp-content\/uploads\/2024\/09\/quilotoa_portada-1024x1024.jpg\" class=\"attachment-large size-large wp-image-180\" alt=\"\" srcset=\"https:\/\/quilotoa.org\/alpaka\/wp-content\/uploads\/2024\/09\/quilotoa_portada-1024x1024.jpg 1024w, https:\/\/quilotoa.org\/alpaka\/wp-content\/uploads\/2024\/09\/quilotoa_portada-300x300.jpg 300w, https:\/\/quilotoa.org\/alpaka\/wp-content\/uploads\/2024\/09\/quilotoa_portada-150x150.jpg 150w, https:\/\/quilotoa.org\/alpaka\/wp-content\/uploads\/2024\/09\/quilotoa_portada-768x768.jpg 768w, https:\/\/quilotoa.org\/alpaka\/wp-content\/uploads\/2024\/09\/quilotoa_portada-600x600.jpg 600w, https:\/\/quilotoa.org\/alpaka\/wp-content\/uploads\/2024\/09\/quilotoa_portada-100x100.jpg 100w, https:\/\/quilotoa.org\/alpaka\/wp-content\/uploads\/2024\/09\/quilotoa_portada.jpg 1440w\" sizes=\"(max-width: 720px) 100vw, 720px\" \/>\t\t\t\t\t\t\t\t\t\t\t\t\t<\/div>\n\t\t\t\t<\/div>\n\t\t\t\t\t<\/div>\n\t\t<\/div>\n\t\t\t\t\t<\/div>\n\t\t<\/section>\n\t\t\t\t<section class=\"elementor-section elementor-top-section elementor-element elementor-element-2c84be93 elementor-section-boxed elementor-section-height-default elementor-section-height-default\" data-id=\"2c84be93\" data-element_type=\"section\">\n\t\t\t\t\t\t<div class=\"elementor-container elementor-column-gap-no\">\n\t\t\t\t\t<div class=\"elementor-column elementor-col-100 elementor-top-column elementor-element elementor-element-525f746a\" data-id=\"525f746a\" data-element_type=\"column\">\n\t\t\t<div class=\"elementor-widget-wrap elementor-element-populated\">\n\t\t\t\t\t\t<div class=\"elementor-element elementor-element-5485bf10 elementor-widget elementor-widget-image-carousel\" data-id=\"5485bf10\" data-element_type=\"widget\" data-settings=\"{&quot;slides_to_show&quot;:&quot;5&quot;,&quot;navigation&quot;:&quot;none&quot;,&quot;slides_to_show_tablet&quot;:&quot;4&quot;,&quot;slides_to_show_mobile&quot;:&quot;2&quot;,&quot;autoplay&quot;:&quot;yes&quot;,&quot;pause_on_hover&quot;:&quot;yes&quot;,&quot;pause_on_interaction&quot;:&quot;yes&quot;,&quot;autoplay_speed&quot;:5000,&quot;infinite&quot;:&quot;yes&quot;,&quot;speed&quot;:500}\" data-widget_type=\"image-carousel.default\">\n\t\t\t\t<div class=\"elementor-widget-container\">\n\t\t\t\t\t<div class=\"elementor-image-carousel-wrapper swiper\" dir=\"ltr\">\n\t\t\t<div class=\"elementor-image-carousel swiper-wrapper\" aria-live=\"off\">\n\t\t\t\t\t\t\t\t<div class=\"swiper-slide\" role=\"group\" aria-roledescription=\"slide\" aria-label=\"1 of 5\"><figure class=\"swiper-slide-inner\"><img decoding=\"async\" class=\"swiper-slide-image\" src=\"https:\/\/demo.bosathemes.com\/bosa\/travel-tour\/wp-content\/uploads\/sites\/77\/2023\/04\/img45.png\" alt=\"Cart\" \/><\/figure><\/div><div class=\"swiper-slide\" role=\"group\" aria-roledescription=\"slide\" aria-label=\"2 of 5\"><figure class=\"swiper-slide-inner\"><img decoding=\"async\" class=\"swiper-slide-image\" src=\"https:\/\/demo.bosathemes.com\/bosa\/travel-tour\/wp-content\/uploads\/sites\/77\/2023\/04\/img46.png\" alt=\"Checkout\" \/><\/figure><\/div><div class=\"swiper-slide\" role=\"group\" aria-roledescription=\"slide\" aria-label=\"3 of 5\"><figure class=\"swiper-slide-inner\"><img decoding=\"async\" class=\"swiper-slide-image\" src=\"https:\/\/demo.bosathemes.com\/bosa\/travel-tour\/wp-content\/uploads\/sites\/77\/2023\/04\/img47.png\" alt=\"My account\" \/><\/figure><\/div><div class=\"swiper-slide\" role=\"group\" aria-roledescription=\"slide\" aria-label=\"4 of 5\"><figure class=\"swiper-slide-inner\"><img decoding=\"async\" class=\"swiper-slide-image\" src=\"https:\/\/demo.bosathemes.com\/bosa\/travel-tour\/wp-content\/uploads\/sites\/77\/2023\/04\/img48.png\" alt=\"Refund and Returns Policy\" \/><\/figure><\/div><div class=\"swiper-slide\" role=\"group\" aria-roledescription=\"slide\" aria-label=\"5 of 5\"><figure class=\"swiper-slide-inner\"><img decoding=\"async\" class=\"swiper-slide-image\" src=\"https:\/\/demo.bosathemes.com\/bosa\/travel-tour\/wp-content\/uploads\/sites\/77\/2023\/04\/img49.png\" alt=\"Refund and Returns Policy\" \/><\/figure><\/div>\t\t\t<\/div>\n\t\t\t\t\t\t\t\n\t\t\t\t\t\t\t\t\t<\/div>\n\t\t\t\t<\/div>\n\t\t\t\t<\/div>\n\t\t\t\t\t<\/div>\n\t\t<\/div>\n\t\t\t\t\t<\/div>\n\t\t<\/section>\n\t\t\t\t<\/div>\n\t\t","protected":false},"excerpt":{"rendered":"<p>QUILOTOA LAGUNA QUILOTOA Quilotoa, un cr\u00e1ter volc\u00e1nico transformado en una espectacular laguna turquesa en los Andes Centrales de Ecuador, es un destino que fusiona aventura, cultura y naturaleza. Los visitantes pueden descender a las tranquilas aguas de la laguna para practicar kayak, bote a motor o disfrutar de la zona de camping. sin duda uno de los mejores recorridos es [&hellip;]<\/p>\n","protected":false},"author":1,"featured_media":0,"parent":0,"menu_order":0,"comment_status":"closed","ping_status":"closed","template":"elementor_header_footer","meta":{"footnotes":""},"class_list":["post-354","page","type-page","status-publish","hentry"],"_links":{"self":[{"href":"https:\/\/quilotoa.org\/alpaka\/wp-json\/wp\/v2\/pages\/354","targetHints":{"allow":["GET"]}}],"collection":[{"href":"https:\/\/quilotoa.org\/alpaka\/wp-json\/wp\/v2\/pages"}],"about":[{"href":"https:\/\/quilotoa.org\/alpaka\/wp-json\/wp\/v2\/types\/page"}],"author":[{"embeddable":true,"href":"https:\/\/quilotoa.org\/alpaka\/wp-json\/wp\/v2\/users\/1"}],"replies":[{"embeddable":true,"href":"https:\/\/quilotoa.org\/alpaka\/wp-json\/wp\/v2\/comments?post=354"}],"version-history":[{"count":4,"href":"https:\/\/quilotoa.org\/alpaka\/wp-json\/wp\/v2\/pages\/354\/revisions"}],"predecessor-version":[{"id":361,"href":"https:\/\/quilotoa.org\/alpaka\/wp-json\/wp\/v2\/pages\/354\/revisions\/361"}],"wp:attachment":[{"href":"https:\/\/quilotoa.org\/alpaka\/wp-json\/wp\/v2\/media?parent=354"}],"curies":[{"name":"wp","href":"https:\/\/api.w.org\/{rel}","templated":true}]}}