{"id":341,"date":"2024-09-14T23:34:54","date_gmt":"2024-09-15T04:34:54","guid":{"rendered":"https:\/\/quilotoa.org\/alpaka\/?page_id=341"},"modified":"2024-09-14T23:38:07","modified_gmt":"2024-09-15T04:38:07","slug":"chimborazo","status":"publish","type":"page","link":"https:\/\/quilotoa.org\/alpaka\/chimborazo\/","title":{"rendered":"Chimborazo"},"content":{"rendered":"\t\t<div data-elementor-type=\"wp-page\" data-elementor-id=\"341\" class=\"elementor elementor-341\">\n\t\t\t\t\t\t<section class=\"elementor-section elementor-top-section elementor-element elementor-element-2a9280d4 elementor-section-height-min-height elementor-section-boxed elementor-section-height-default elementor-section-items-middle\" data-id=\"2a9280d4\" data-element_type=\"section\" data-settings=\"{&quot;background_background&quot;:&quot;classic&quot;}\">\n\t\t\t\t\t\t\t<div class=\"elementor-background-overlay\"><\/div>\n\t\t\t\t\t\t\t<div class=\"elementor-container elementor-column-gap-no\">\n\t\t\t\t\t<div class=\"elementor-column elementor-col-100 elementor-top-column elementor-element elementor-element-61b750ad\" data-id=\"61b750ad\" data-element_type=\"column\">\n\t\t\t<div class=\"elementor-widget-wrap elementor-element-populated\">\n\t\t\t\t\t\t<div class=\"elementor-element elementor-element-589b2b3b elementor-widget elementor-widget-heading\" data-id=\"589b2b3b\" data-element_type=\"widget\" data-widget_type=\"heading.default\">\n\t\t\t\t<div class=\"elementor-widget-container\">\n\t\t\t<h3 class=\"elementor-heading-title elementor-size-default\">CHIMBORAZO<\/h3>\t\t<\/div>\n\t\t\t\t<\/div>\n\t\t\t\t\t<\/div>\n\t\t<\/div>\n\t\t\t\t\t<\/div>\n\t\t<\/section>\n\t\t\t\t<section class=\"elementor-section elementor-top-section elementor-element elementor-element-2c6cbbf4 elementor-section-boxed elementor-section-height-default elementor-section-height-default\" data-id=\"2c6cbbf4\" data-element_type=\"section\">\n\t\t\t\t\t\t<div class=\"elementor-container elementor-column-gap-no\">\n\t\t\t\t\t<div class=\"elementor-column elementor-col-50 elementor-top-column elementor-element elementor-element-4e40eec1\" data-id=\"4e40eec1\" data-element_type=\"column\">\n\t\t\t<div class=\"elementor-widget-wrap elementor-element-populated\">\n\t\t\t\t\t\t<div class=\"elementor-element elementor-element-475b7ba elementor-widget elementor-widget-text-editor\" data-id=\"475b7ba\" data-element_type=\"widget\" data-widget_type=\"text-editor.default\">\n\t\t\t\t<div class=\"elementor-widget-container\">\n\t\t\t\t\t\t\t<p><span style=\"font-weight: 400;\">La <\/span><b>Reserva de Producci\u00f3n de Fauna Chimborazo<\/b><span style=\"font-weight: 400;\"> en Ecuador alberga el majestuoso volc\u00e1n Chimborazo,el m\u00e1s alto del Ecuador, su cumbre el punto m\u00e1s cercano al sol debido a la protuberancia ecuatorial. Situada en los Andes centrales, esta reserva ofrece paisajes de impresionante belleza que var\u00edan desde p\u00e1ramos altos hasta glaciares. Los visitantes pueden emprender desafiantes ascensos a sus cumbres nevadas, realizar caminatas por senderos que cruzan ecosistemas \u00fanicos, o recorrer en bicicleta sus rutas esc\u00e9nicas. La reserva tambi\u00e9n es hogar de una rica fauna andina, incluyendo vicu\u00f1as, llamas y el emblem\u00e1tico c\u00f3ndor andino. Adem\u00e1s de actividades de aventura, se puede explorar la cultura local a trav\u00e9s de visitas a comunidades ind\u00edgenas que mantienen sus tradiciones ancestrales. Es un destino perfecto para quienes buscan experiencias inolvidables en la naturaleza, combinando la emoci\u00f3n de la aventura con la serenidad de paisajes impresionantes y la riqueza de la vida silvestre.<\/span><\/p>\t\t\t\t\t\t<\/div>\n\t\t\t\t<\/div>\n\t\t\t\t\t<\/div>\n\t\t<\/div>\n\t\t\t\t<div class=\"elementor-column elementor-col-50 elementor-top-column elementor-element elementor-element-6e768307\" data-id=\"6e768307\" data-element_type=\"column\">\n\t\t\t<div class=\"elementor-widget-wrap elementor-element-populated\">\n\t\t\t\t\t\t<div class=\"elementor-element elementor-element-398b3880 elementor-widget elementor-widget-text-editor\" data-id=\"398b3880\" data-element_type=\"widget\" data-widget_type=\"text-editor.default\">\n\t\t\t\t<div class=\"elementor-widget-container\">\n\t\t\t\t\t\t\t<p><span style=\"font-weight: 400;\"><strong>The Chimborazo Wildlife Production Reserve<\/strong> in Ecuador is home to the majestic Chimborazo volcano, the highest in Ecuador, whose summit is the closest point to the sun due to the equatorial bulge. Located in the central Andes, this reserve offers breathtaking landscapes that range from high p\u00e1ramos to glaciers. Visitors can embark on challenging climbs to its snow-capped peaks, hike along trails that cross unique ecosystems, or cycle through its scenic routes. The reserve is also home to rich Andean wildlife, including vicu\u00f1as, llamas, and the iconic Andean condor. In addition to adventure activities, visitors can explore the local culture by visiting indigenous communities that maintain their ancestral traditions. It is the perfect destination for those seeking unforgettable experiences in nature, combining the thrill of adventure with the serenity of stunning landscapes and abundant wildlife.<\/span><\/p>\t\t\t\t\t\t<\/div>\n\t\t\t\t<\/div>\n\t\t\t\t<div class=\"elementor-element elementor-element-49bb4152 elementor-widget elementor-widget-image\" data-id=\"49bb4152\" data-element_type=\"widget\" data-widget_type=\"image.default\">\n\t\t\t\t<div class=\"elementor-widget-container\">\n\t\t\t\t\t\t\t\t\t\t\t\t\t<img fetchpriority=\"high\" decoding=\"async\" width=\"720\" height=\"720\" src=\"https:\/\/quilotoa.org\/alpaka\/wp-content\/uploads\/2024\/09\/chimborazo_portada-1024x1024.jpg\" class=\"attachment-large size-large wp-image-174\" alt=\"\" srcset=\"https:\/\/quilotoa.org\/alpaka\/wp-content\/uploads\/2024\/09\/chimborazo_portada-1024x1024.jpg 1024w, https:\/\/quilotoa.org\/alpaka\/wp-content\/uploads\/2024\/09\/chimborazo_portada-300x300.jpg 300w, https:\/\/quilotoa.org\/alpaka\/wp-content\/uploads\/2024\/09\/chimborazo_portada-150x150.jpg 150w, https:\/\/quilotoa.org\/alpaka\/wp-content\/uploads\/2024\/09\/chimborazo_portada-768x768.jpg 768w, https:\/\/quilotoa.org\/alpaka\/wp-content\/uploads\/2024\/09\/chimborazo_portada-600x600.jpg 600w, https:\/\/quilotoa.org\/alpaka\/wp-content\/uploads\/2024\/09\/chimborazo_portada-100x100.jpg 100w, https:\/\/quilotoa.org\/alpaka\/wp-content\/uploads\/2024\/09\/chimborazo_portada.jpg 1440w\" sizes=\"(max-width: 720px) 100vw, 720px\" \/>\t\t\t\t\t\t\t\t\t\t\t\t\t<\/div>\n\t\t\t\t<\/div>\n\t\t\t\t\t<\/div>\n\t\t<\/div>\n\t\t\t\t\t<\/div>\n\t\t<\/section>\n\t\t\t\t<section class=\"elementor-section elementor-top-section elementor-element elementor-element-2ce808fd elementor-section-boxed elementor-section-height-default elementor-section-height-default\" data-id=\"2ce808fd\" data-element_type=\"section\">\n\t\t\t\t\t\t<div class=\"elementor-container elementor-column-gap-no\">\n\t\t\t\t\t<div class=\"elementor-column elementor-col-100 elementor-top-column elementor-element elementor-element-138b22ab\" data-id=\"138b22ab\" data-element_type=\"column\">\n\t\t\t<div class=\"elementor-widget-wrap elementor-element-populated\">\n\t\t\t\t\t\t<div class=\"elementor-element elementor-element-db9ff4 elementor-widget elementor-widget-image-carousel\" data-id=\"db9ff4\" data-element_type=\"widget\" data-settings=\"{&quot;slides_to_show&quot;:&quot;5&quot;,&quot;navigation&quot;:&quot;none&quot;,&quot;slides_to_show_tablet&quot;:&quot;4&quot;,&quot;slides_to_show_mobile&quot;:&quot;2&quot;,&quot;autoplay&quot;:&quot;yes&quot;,&quot;pause_on_hover&quot;:&quot;yes&quot;,&quot;pause_on_interaction&quot;:&quot;yes&quot;,&quot;autoplay_speed&quot;:5000,&quot;infinite&quot;:&quot;yes&quot;,&quot;speed&quot;:500}\" data-widget_type=\"image-carousel.default\">\n\t\t\t\t<div class=\"elementor-widget-container\">\n\t\t\t\t\t<div class=\"elementor-image-carousel-wrapper swiper\" dir=\"ltr\">\n\t\t\t<div class=\"elementor-image-carousel swiper-wrapper\" aria-live=\"off\">\n\t\t\t\t\t\t\t\t<div class=\"swiper-slide\" role=\"group\" aria-roledescription=\"slide\" aria-label=\"1 of 5\"><figure class=\"swiper-slide-inner\"><img decoding=\"async\" class=\"swiper-slide-image\" src=\"https:\/\/demo.bosathemes.com\/bosa\/travel-tour\/wp-content\/uploads\/sites\/77\/2023\/04\/img45.png\" alt=\"Cart\" \/><\/figure><\/div><div class=\"swiper-slide\" role=\"group\" aria-roledescription=\"slide\" aria-label=\"2 of 5\"><figure class=\"swiper-slide-inner\"><img decoding=\"async\" class=\"swiper-slide-image\" src=\"https:\/\/demo.bosathemes.com\/bosa\/travel-tour\/wp-content\/uploads\/sites\/77\/2023\/04\/img46.png\" alt=\"Checkout\" \/><\/figure><\/div><div class=\"swiper-slide\" role=\"group\" aria-roledescription=\"slide\" aria-label=\"3 of 5\"><figure class=\"swiper-slide-inner\"><img decoding=\"async\" class=\"swiper-slide-image\" src=\"https:\/\/demo.bosathemes.com\/bosa\/travel-tour\/wp-content\/uploads\/sites\/77\/2023\/04\/img47.png\" alt=\"My account\" \/><\/figure><\/div><div class=\"swiper-slide\" role=\"group\" aria-roledescription=\"slide\" aria-label=\"4 of 5\"><figure class=\"swiper-slide-inner\"><img decoding=\"async\" class=\"swiper-slide-image\" src=\"https:\/\/demo.bosathemes.com\/bosa\/travel-tour\/wp-content\/uploads\/sites\/77\/2023\/04\/img48.png\" alt=\"Refund and Returns Policy\" \/><\/figure><\/div><div class=\"swiper-slide\" role=\"group\" aria-roledescription=\"slide\" aria-label=\"5 of 5\"><figure class=\"swiper-slide-inner\"><img decoding=\"async\" class=\"swiper-slide-image\" src=\"https:\/\/demo.bosathemes.com\/bosa\/travel-tour\/wp-content\/uploads\/sites\/77\/2023\/04\/img49.png\" alt=\"Refund and Returns Policy\" \/><\/figure><\/div>\t\t\t<\/div>\n\t\t\t\t\t\t\t\n\t\t\t\t\t\t\t\t\t<\/div>\n\t\t\t\t<\/div>\n\t\t\t\t<\/div>\n\t\t\t\t\t<\/div>\n\t\t<\/div>\n\t\t\t\t\t<\/div>\n\t\t<\/section>\n\t\t\t\t<\/div>\n\t\t","protected":false},"excerpt":{"rendered":"<p>CHIMBORAZO La Reserva de Producci\u00f3n de Fauna Chimborazo en Ecuador alberga el majestuoso volc\u00e1n Chimborazo,el m\u00e1s alto del Ecuador, su cumbre el punto m\u00e1s cercano al sol debido a la protuberancia ecuatorial. Situada en los Andes centrales, esta reserva ofrece paisajes de impresionante belleza que var\u00edan desde p\u00e1ramos altos hasta glaciares. Los visitantes pueden emprender desafiantes ascensos a sus cumbres [&hellip;]<\/p>\n","protected":false},"author":1,"featured_media":0,"parent":0,"menu_order":0,"comment_status":"closed","ping_status":"closed","template":"elementor_header_footer","meta":{"footnotes":""},"class_list":["post-341","page","type-page","status-publish","hentry"],"_links":{"self":[{"href":"https:\/\/quilotoa.org\/alpaka\/wp-json\/wp\/v2\/pages\/341","targetHints":{"allow":["GET"]}}],"collection":[{"href":"https:\/\/quilotoa.org\/alpaka\/wp-json\/wp\/v2\/pages"}],"about":[{"href":"https:\/\/quilotoa.org\/alpaka\/wp-json\/wp\/v2\/types\/page"}],"author":[{"embeddable":true,"href":"https:\/\/quilotoa.org\/alpaka\/wp-json\/wp\/v2\/users\/1"}],"replies":[{"embeddable":true,"href":"https:\/\/quilotoa.org\/alpaka\/wp-json\/wp\/v2\/comments?post=341"}],"version-history":[{"count":4,"href":"https:\/\/quilotoa.org\/alpaka\/wp-json\/wp\/v2\/pages\/341\/revisions"}],"predecessor-version":[{"id":347,"href":"https:\/\/quilotoa.org\/alpaka\/wp-json\/wp\/v2\/pages\/341\/revisions\/347"}],"wp:attachment":[{"href":"https:\/\/quilotoa.org\/alpaka\/wp-json\/wp\/v2\/media?parent=341"}],"curies":[{"name":"wp","href":"https:\/\/api.w.org\/{rel}","templated":true}]}}