{"id":326,"date":"2024-09-14T23:27:42","date_gmt":"2024-09-15T04:27:42","guid":{"rendered":"https:\/\/quilotoa.org\/alpaka\/?page_id=326"},"modified":"2024-09-14T23:32:46","modified_gmt":"2024-09-15T04:32:46","slug":"banos","status":"publish","type":"page","link":"https:\/\/quilotoa.org\/alpaka\/banos\/","title":{"rendered":"Ba\u00f1os"},"content":{"rendered":"\t\t<div data-elementor-type=\"wp-page\" data-elementor-id=\"326\" class=\"elementor elementor-326\">\n\t\t\t\t\t\t<section class=\"elementor-section elementor-top-section elementor-element elementor-element-11b911d9 elementor-section-height-min-height elementor-section-boxed elementor-section-height-default elementor-section-items-middle\" data-id=\"11b911d9\" data-element_type=\"section\" data-settings=\"{&quot;background_background&quot;:&quot;classic&quot;}\">\n\t\t\t\t\t\t\t<div class=\"elementor-background-overlay\"><\/div>\n\t\t\t\t\t\t\t<div class=\"elementor-container elementor-column-gap-no\">\n\t\t\t\t\t<div class=\"elementor-column elementor-col-100 elementor-top-column elementor-element elementor-element-5c53f96f\" data-id=\"5c53f96f\" data-element_type=\"column\">\n\t\t\t<div class=\"elementor-widget-wrap elementor-element-populated\">\n\t\t\t\t\t\t<div class=\"elementor-element elementor-element-1b3ec72b elementor-widget elementor-widget-heading\" data-id=\"1b3ec72b\" data-element_type=\"widget\" data-widget_type=\"heading.default\">\n\t\t\t\t<div class=\"elementor-widget-container\">\n\t\t\t<h3 class=\"elementor-heading-title elementor-size-default\">BA\u00d1OS DE AGUA SANTA<\/h3>\t\t<\/div>\n\t\t\t\t<\/div>\n\t\t\t\t\t<\/div>\n\t\t<\/div>\n\t\t\t\t\t<\/div>\n\t\t<\/section>\n\t\t\t\t<section class=\"elementor-section elementor-top-section elementor-element elementor-element-4eeb990e elementor-section-boxed elementor-section-height-default elementor-section-height-default\" data-id=\"4eeb990e\" data-element_type=\"section\">\n\t\t\t\t\t\t<div class=\"elementor-container elementor-column-gap-no\">\n\t\t\t\t\t<div class=\"elementor-column elementor-col-50 elementor-top-column elementor-element elementor-element-6dd808c\" data-id=\"6dd808c\" data-element_type=\"column\">\n\t\t\t<div class=\"elementor-widget-wrap elementor-element-populated\">\n\t\t\t\t\t\t<div class=\"elementor-element elementor-element-4e7397cc elementor-widget elementor-widget-heading\" data-id=\"4e7397cc\" data-element_type=\"widget\" data-widget_type=\"heading.default\">\n\t\t\t\t<div class=\"elementor-widget-container\">\n\t\t\t<h3 class=\"elementor-heading-title elementor-size-default\">CIUDAD DE BA\u00d1OS\u00a0<\/h3>\t\t<\/div>\n\t\t\t\t<\/div>\n\t\t\t\t<div class=\"elementor-element elementor-element-120838 elementor-widget elementor-widget-text-editor\" data-id=\"120838\" data-element_type=\"widget\" data-widget_type=\"text-editor.default\">\n\t\t\t\t<div class=\"elementor-widget-container\">\n\t\t\t\t\t\t\t<p><b>Ba\u00f1os de Agua Santa<\/b><span style=\"font-weight: 400;\">, ubicada entre regi\u00f3n andina y las estribaciones de la Amazon\u00eda, es una vibrante ciudad conocida por su entorno geogr\u00e1fico espectacular y su amplia oferta de actividades de aventura. Rodeada por monta\u00f1as escarpadas y alimentada por las aguas termales de origen volc\u00e1nico, Ba\u00f1os es el punto de partida perfecto para explorar una serie de emocionantes actividades como senderismo a trav\u00e9s de frondosos bosques, rafting en el r\u00edo Pastaza, puenting, y paseos en bicicleta por la ruta de las cascadas. Adem\u00e1s durante tu estad\u00eda, puedes disfrutar de relajantes ba\u00f1os termales y conocer la majestuosa Cascada del Pail\u00f3n del Diablo. no te puedes perder degustar sus dulces tradicionales hechos con el jugo de la ca\u00f1a de azucar. Este destino combina perfectamente la adrenalina de la aventura con la belleza natural y el encanto de la vida local, convirti\u00e9ndolo en una visita obligada en Ecuador.<\/span><\/p>\t\t\t\t\t\t<\/div>\n\t\t\t\t<\/div>\n\t\t\t\t<div class=\"elementor-element elementor-element-19e377bc elementor-widget elementor-widget-image\" data-id=\"19e377bc\" data-element_type=\"widget\" data-widget_type=\"image.default\">\n\t\t\t\t<div class=\"elementor-widget-container\">\n\t\t\t\t\t\t\t\t\t\t\t\t\t<img fetchpriority=\"high\" decoding=\"async\" width=\"720\" height=\"720\" src=\"https:\/\/quilotoa.org\/alpaka\/wp-content\/uploads\/2024\/09\/BANOS004-1024x1024.jpg\" class=\"attachment-large size-large wp-image-330\" alt=\"\" srcset=\"https:\/\/quilotoa.org\/alpaka\/wp-content\/uploads\/2024\/09\/BANOS004-1024x1024.jpg 1024w, https:\/\/quilotoa.org\/alpaka\/wp-content\/uploads\/2024\/09\/BANOS004-300x300.jpg 300w, https:\/\/quilotoa.org\/alpaka\/wp-content\/uploads\/2024\/09\/BANOS004-150x150.jpg 150w, https:\/\/quilotoa.org\/alpaka\/wp-content\/uploads\/2024\/09\/BANOS004-768x768.jpg 768w, https:\/\/quilotoa.org\/alpaka\/wp-content\/uploads\/2024\/09\/BANOS004-600x600.jpg 600w, https:\/\/quilotoa.org\/alpaka\/wp-content\/uploads\/2024\/09\/BANOS004-100x100.jpg 100w, https:\/\/quilotoa.org\/alpaka\/wp-content\/uploads\/2024\/09\/BANOS004.jpg 1044w\" sizes=\"(max-width: 720px) 100vw, 720px\" \/>\t\t\t\t\t\t\t\t\t\t\t\t\t<\/div>\n\t\t\t\t<\/div>\n\t\t\t\t\t<\/div>\n\t\t<\/div>\n\t\t\t\t<div class=\"elementor-column elementor-col-50 elementor-top-column elementor-element elementor-element-790be5cc\" data-id=\"790be5cc\" data-element_type=\"column\">\n\t\t\t<div class=\"elementor-widget-wrap elementor-element-populated\">\n\t\t\t\t\t\t<div class=\"elementor-element elementor-element-62483bfc elementor-widget elementor-widget-heading\" data-id=\"62483bfc\" data-element_type=\"widget\" data-widget_type=\"heading.default\">\n\t\t\t\t<div class=\"elementor-widget-container\">\n\t\t\t<h3 class=\"elementor-heading-title elementor-size-default\">CITY OF BA\u00d1OS<\/h3>\t\t<\/div>\n\t\t\t\t<\/div>\n\t\t\t\t<div class=\"elementor-element elementor-element-674ef58f elementor-widget elementor-widget-text-editor\" data-id=\"674ef58f\" data-element_type=\"widget\" data-widget_type=\"text-editor.default\">\n\t\t\t\t<div class=\"elementor-widget-container\">\n\t\t\t\t\t\t\t<p><span style=\"font-weight: 400;\"><strong>Ba\u00f1os de Agua Santa,<\/strong> located between the Andean region and the foothills of the Amazon, is a vibrant city known for its spectacular geographical setting and wide range of adventure activities. Surrounded by steep mountains and fed by volcanic hot springs, Ba\u00f1os is the perfect starting point to explore an array of thrilling activities such as hiking through lush forests, rafting on the Pastaza River, bungee jumping, and cycling along the waterfall route. During your stay, you can also enjoy relaxing hot springs and visit the majestic Pail\u00f3n del Diablo Waterfall. Don\u2019t miss the chance to try the traditional sweets made from sugarcane juice. This destination perfectly combines the adrenaline of adventure with natural beauty and the charm of local life, making it a must-see in Ecuador.<\/span><\/p>\t\t\t\t\t\t<\/div>\n\t\t\t\t<\/div>\n\t\t\t\t<div class=\"elementor-element elementor-element-4ebfdc86 elementor-widget elementor-widget-image\" data-id=\"4ebfdc86\" data-element_type=\"widget\" data-widget_type=\"image.default\">\n\t\t\t\t<div class=\"elementor-widget-container\">\n\t\t\t\t\t\t\t\t\t\t\t\t\t<img decoding=\"async\" width=\"720\" height=\"720\" src=\"https:\/\/quilotoa.org\/alpaka\/wp-content\/uploads\/2024\/09\/banos001-1024x1024.webp\" class=\"attachment-large size-large wp-image-331\" alt=\"\" srcset=\"https:\/\/quilotoa.org\/alpaka\/wp-content\/uploads\/2024\/09\/banos001-1024x1024.webp 1024w, https:\/\/quilotoa.org\/alpaka\/wp-content\/uploads\/2024\/09\/banos001-300x300.webp 300w, https:\/\/quilotoa.org\/alpaka\/wp-content\/uploads\/2024\/09\/banos001-150x150.webp 150w, https:\/\/quilotoa.org\/alpaka\/wp-content\/uploads\/2024\/09\/banos001-768x768.webp 768w, https:\/\/quilotoa.org\/alpaka\/wp-content\/uploads\/2024\/09\/banos001-600x600.webp 600w, https:\/\/quilotoa.org\/alpaka\/wp-content\/uploads\/2024\/09\/banos001-100x100.webp 100w, https:\/\/quilotoa.org\/alpaka\/wp-content\/uploads\/2024\/09\/banos001.webp 1080w\" sizes=\"(max-width: 720px) 100vw, 720px\" \/>\t\t\t\t\t\t\t\t\t\t\t\t\t<\/div>\n\t\t\t\t<\/div>\n\t\t\t\t\t<\/div>\n\t\t<\/div>\n\t\t\t\t\t<\/div>\n\t\t<\/section>\n\t\t\t\t<section class=\"elementor-section elementor-top-section elementor-element elementor-element-6afd316 elementor-section-boxed elementor-section-height-default elementor-section-height-default\" data-id=\"6afd316\" data-element_type=\"section\">\n\t\t\t\t\t\t<div class=\"elementor-container elementor-column-gap-no\">\n\t\t\t\t\t<div class=\"elementor-column elementor-col-100 elementor-top-column elementor-element elementor-element-2b81d216\" data-id=\"2b81d216\" data-element_type=\"column\">\n\t\t\t<div class=\"elementor-widget-wrap elementor-element-populated\">\n\t\t\t\t\t\t<div class=\"elementor-element elementor-element-4f1a89f5 elementor-widget elementor-widget-image-carousel\" data-id=\"4f1a89f5\" data-element_type=\"widget\" data-settings=\"{&quot;slides_to_show&quot;:&quot;5&quot;,&quot;navigation&quot;:&quot;none&quot;,&quot;slides_to_show_tablet&quot;:&quot;4&quot;,&quot;slides_to_show_mobile&quot;:&quot;2&quot;,&quot;autoplay&quot;:&quot;yes&quot;,&quot;pause_on_hover&quot;:&quot;yes&quot;,&quot;pause_on_interaction&quot;:&quot;yes&quot;,&quot;autoplay_speed&quot;:5000,&quot;infinite&quot;:&quot;yes&quot;,&quot;speed&quot;:500}\" data-widget_type=\"image-carousel.default\">\n\t\t\t\t<div class=\"elementor-widget-container\">\n\t\t\t\t\t<div class=\"elementor-image-carousel-wrapper swiper\" dir=\"ltr\">\n\t\t\t<div class=\"elementor-image-carousel swiper-wrapper\" aria-live=\"off\">\n\t\t\t\t\t\t\t\t<div class=\"swiper-slide\" role=\"group\" aria-roledescription=\"slide\" aria-label=\"1 of 5\"><figure class=\"swiper-slide-inner\"><img decoding=\"async\" class=\"swiper-slide-image\" src=\"https:\/\/demo.bosathemes.com\/bosa\/travel-tour\/wp-content\/uploads\/sites\/77\/2023\/04\/img45.png\" alt=\"Cart\" \/><\/figure><\/div><div class=\"swiper-slide\" role=\"group\" aria-roledescription=\"slide\" aria-label=\"2 of 5\"><figure class=\"swiper-slide-inner\"><img decoding=\"async\" class=\"swiper-slide-image\" src=\"https:\/\/demo.bosathemes.com\/bosa\/travel-tour\/wp-content\/uploads\/sites\/77\/2023\/04\/img46.png\" alt=\"Checkout\" \/><\/figure><\/div><div class=\"swiper-slide\" role=\"group\" aria-roledescription=\"slide\" aria-label=\"3 of 5\"><figure class=\"swiper-slide-inner\"><img decoding=\"async\" class=\"swiper-slide-image\" src=\"https:\/\/demo.bosathemes.com\/bosa\/travel-tour\/wp-content\/uploads\/sites\/77\/2023\/04\/img47.png\" alt=\"My account\" \/><\/figure><\/div><div class=\"swiper-slide\" role=\"group\" aria-roledescription=\"slide\" aria-label=\"4 of 5\"><figure class=\"swiper-slide-inner\"><img decoding=\"async\" class=\"swiper-slide-image\" src=\"https:\/\/demo.bosathemes.com\/bosa\/travel-tour\/wp-content\/uploads\/sites\/77\/2023\/04\/img48.png\" alt=\"Refund and Returns Policy\" \/><\/figure><\/div><div class=\"swiper-slide\" role=\"group\" aria-roledescription=\"slide\" aria-label=\"5 of 5\"><figure class=\"swiper-slide-inner\"><img decoding=\"async\" class=\"swiper-slide-image\" src=\"https:\/\/demo.bosathemes.com\/bosa\/travel-tour\/wp-content\/uploads\/sites\/77\/2023\/04\/img49.png\" alt=\"Refund and Returns Policy\" \/><\/figure><\/div>\t\t\t<\/div>\n\t\t\t\t\t\t\t\n\t\t\t\t\t\t\t\t\t<\/div>\n\t\t\t\t<\/div>\n\t\t\t\t<\/div>\n\t\t\t\t\t<\/div>\n\t\t<\/div>\n\t\t\t\t\t<\/div>\n\t\t<\/section>\n\t\t\t\t<\/div>\n\t\t","protected":false},"excerpt":{"rendered":"<p>BA\u00d1OS DE AGUA SANTA CIUDAD DE BA\u00d1OS\u00a0 Ba\u00f1os de Agua Santa, ubicada entre regi\u00f3n andina y las estribaciones de la Amazon\u00eda, es una vibrante ciudad conocida por su entorno geogr\u00e1fico espectacular y su amplia oferta de actividades de aventura. Rodeada por monta\u00f1as escarpadas y alimentada por las aguas termales de origen volc\u00e1nico, Ba\u00f1os es el punto de partida perfecto para [&hellip;]<\/p>\n","protected":false},"author":1,"featured_media":0,"parent":0,"menu_order":0,"comment_status":"closed","ping_status":"closed","template":"elementor_header_footer","meta":{"footnotes":""},"class_list":["post-326","page","type-page","status-publish","hentry"],"_links":{"self":[{"href":"https:\/\/quilotoa.org\/alpaka\/wp-json\/wp\/v2\/pages\/326","targetHints":{"allow":["GET"]}}],"collection":[{"href":"https:\/\/quilotoa.org\/alpaka\/wp-json\/wp\/v2\/pages"}],"about":[{"href":"https:\/\/quilotoa.org\/alpaka\/wp-json\/wp\/v2\/types\/page"}],"author":[{"embeddable":true,"href":"https:\/\/quilotoa.org\/alpaka\/wp-json\/wp\/v2\/users\/1"}],"replies":[{"embeddable":true,"href":"https:\/\/quilotoa.org\/alpaka\/wp-json\/wp\/v2\/comments?post=326"}],"version-history":[{"count":4,"href":"https:\/\/quilotoa.org\/alpaka\/wp-json\/wp\/v2\/pages\/326\/revisions"}],"predecessor-version":[{"id":334,"href":"https:\/\/quilotoa.org\/alpaka\/wp-json\/wp\/v2\/pages\/326\/revisions\/334"}],"wp:attachment":[{"href":"https:\/\/quilotoa.org\/alpaka\/wp-json\/wp\/v2\/media?parent=326"}],"curies":[{"name":"wp","href":"https:\/\/api.w.org\/{rel}","templated":true}]}}