{"id":313,"date":"2024-09-14T23:21:22","date_gmt":"2024-09-15T04:21:22","guid":{"rendered":"https:\/\/quilotoa.org\/alpaka\/?page_id=313"},"modified":"2024-09-14T23:26:09","modified_gmt":"2024-09-15T04:26:09","slug":"antisana","status":"publish","type":"page","link":"https:\/\/quilotoa.org\/alpaka\/antisana\/","title":{"rendered":"Antisana"},"content":{"rendered":"\t\t<div data-elementor-type=\"wp-page\" data-elementor-id=\"313\" class=\"elementor elementor-313\">\n\t\t\t\t\t\t<section class=\"elementor-section elementor-top-section elementor-element elementor-element-2172a55d elementor-section-height-min-height elementor-section-boxed elementor-section-height-default elementor-section-items-middle\" data-id=\"2172a55d\" data-element_type=\"section\" data-settings=\"{&quot;background_background&quot;:&quot;classic&quot;}\">\n\t\t\t\t\t\t\t<div class=\"elementor-background-overlay\"><\/div>\n\t\t\t\t\t\t\t<div class=\"elementor-container elementor-column-gap-no\">\n\t\t\t\t\t<div class=\"elementor-column elementor-col-100 elementor-top-column elementor-element elementor-element-1a6bd57f\" data-id=\"1a6bd57f\" data-element_type=\"column\">\n\t\t\t<div class=\"elementor-widget-wrap elementor-element-populated\">\n\t\t\t\t\t\t<div class=\"elementor-element elementor-element-612ac348 elementor-widget elementor-widget-heading\" data-id=\"612ac348\" data-element_type=\"widget\" data-widget_type=\"heading.default\">\n\t\t\t\t<div class=\"elementor-widget-container\">\n\t\t\t<h3 class=\"elementor-heading-title elementor-size-default\">ANTISANA<\/h3>\t\t<\/div>\n\t\t\t\t<\/div>\n\t\t\t\t\t<\/div>\n\t\t<\/div>\n\t\t\t\t\t<\/div>\n\t\t<\/section>\n\t\t\t\t<section class=\"elementor-section elementor-top-section elementor-element elementor-element-8bc0ba3 elementor-section-boxed elementor-section-height-default elementor-section-height-default\" data-id=\"8bc0ba3\" data-element_type=\"section\">\n\t\t\t\t\t\t<div class=\"elementor-container elementor-column-gap-no\">\n\t\t\t\t\t<div class=\"elementor-column elementor-col-50 elementor-top-column elementor-element elementor-element-44d9d1d7\" data-id=\"44d9d1d7\" data-element_type=\"column\">\n\t\t\t<div class=\"elementor-widget-wrap elementor-element-populated\">\n\t\t\t\t\t\t<div class=\"elementor-element elementor-element-615cce58 elementor-widget elementor-widget-heading\" data-id=\"615cce58\" data-element_type=\"widget\" data-widget_type=\"heading.default\">\n\t\t\t\t<div class=\"elementor-widget-container\">\n\t\t\t<h3 class=\"elementor-heading-title elementor-size-default\">VOLC\u00c1N ANTISANA. Safari Andino<\/h3>\t\t<\/div>\n\t\t\t\t<\/div>\n\t\t\t\t<div class=\"elementor-element elementor-element-43e90417 elementor-widget elementor-widget-text-editor\" data-id=\"43e90417\" data-element_type=\"widget\" data-widget_type=\"text-editor.default\">\n\t\t\t\t<div class=\"elementor-widget-container\">\n\t\t\t\t\t\t\t<p><span style=\"font-weight: 400;\">La Reserva Ecol\u00f3gica Antisana en Ecuador es un para\u00edso natural de impresionante belleza y biodiversidad. Ubicada en la regi\u00f3n de los Andes, el Volc\u00e1n Antisana es el 4to m\u00e1s alto del Ecuador y el que m\u00e1s glaciar conserva. Esta reserva es hogar de una variedad de actividades al aire libre, como senderismo, observaci\u00f3n de aves, excursiones fotogr\u00e1ficas y paseos en bicicleta de monta\u00f1a. Los visitantes pueden maravillarse con la majestuosidad del volc\u00e1n Antisana y explorar sus alrededores, que incluyen lagunas glaciares, p\u00e1ramos y bosques nublados.<\/span><\/p><p><span style=\"font-weight: 400;\">Adem\u00e1s, la reserva alberga una gran cantidad de especies animales, incluyendo el majestuoso c\u00f3ndor andino, as\u00ed como osos de anteojos, lobos de p\u00e1ramo, ciervos de cola blanca y una amplia variedad de aves acu\u00e1ticas y rapaces. Es un destino ideal para los amantes de la naturaleza y la aventura, ofreciendo una experiencia inolvidable en medio de paisajes impresionantes y vida silvestre fascinante.<\/span><\/p>\t\t\t\t\t\t<\/div>\n\t\t\t\t<\/div>\n\t\t\t\t<div class=\"elementor-element elementor-element-27d647e3 elementor-widget elementor-widget-image\" data-id=\"27d647e3\" data-element_type=\"widget\" data-widget_type=\"image.default\">\n\t\t\t\t<div class=\"elementor-widget-container\">\n\t\t\t\t\t\t\t\t\t\t\t\t\t<img fetchpriority=\"high\" decoding=\"async\" width=\"720\" height=\"720\" src=\"https:\/\/quilotoa.org\/alpaka\/wp-content\/uploads\/2024\/09\/antisana_portada-1024x1024.jpg\" class=\"attachment-large size-large wp-image-171\" alt=\"\" srcset=\"https:\/\/quilotoa.org\/alpaka\/wp-content\/uploads\/2024\/09\/antisana_portada-1024x1024.jpg 1024w, https:\/\/quilotoa.org\/alpaka\/wp-content\/uploads\/2024\/09\/antisana_portada-300x300.jpg 300w, https:\/\/quilotoa.org\/alpaka\/wp-content\/uploads\/2024\/09\/antisana_portada-150x150.jpg 150w, https:\/\/quilotoa.org\/alpaka\/wp-content\/uploads\/2024\/09\/antisana_portada-768x768.jpg 768w, https:\/\/quilotoa.org\/alpaka\/wp-content\/uploads\/2024\/09\/antisana_portada-600x600.jpg 600w, https:\/\/quilotoa.org\/alpaka\/wp-content\/uploads\/2024\/09\/antisana_portada-100x100.jpg 100w, https:\/\/quilotoa.org\/alpaka\/wp-content\/uploads\/2024\/09\/antisana_portada.jpg 1440w\" sizes=\"(max-width: 720px) 100vw, 720px\" \/>\t\t\t\t\t\t\t\t\t\t\t\t\t<\/div>\n\t\t\t\t<\/div>\n\t\t\t\t\t<\/div>\n\t\t<\/div>\n\t\t\t\t<div class=\"elementor-column elementor-col-50 elementor-top-column elementor-element elementor-element-5b80202a\" data-id=\"5b80202a\" data-element_type=\"column\">\n\t\t\t<div class=\"elementor-widget-wrap elementor-element-populated\">\n\t\t\t\t\t\t<div class=\"elementor-element elementor-element-761d8d0f elementor-widget elementor-widget-heading\" data-id=\"761d8d0f\" data-element_type=\"widget\" data-widget_type=\"heading.default\">\n\t\t\t\t<div class=\"elementor-widget-container\">\n\t\t\t<h3 class=\"elementor-heading-title elementor-size-default\">\u00a0ANTISANA VOLCANO. Andean Safari <\/h3>\t\t<\/div>\n\t\t\t\t<\/div>\n\t\t\t\t<div class=\"elementor-element elementor-element-1801227b elementor-widget elementor-widget-text-editor\" data-id=\"1801227b\" data-element_type=\"widget\" data-widget_type=\"text-editor.default\">\n\t\t\t\t<div class=\"elementor-widget-container\">\n\t\t\t\t\t\t\t<p><span style=\"font-weight: 400;\">ANTISANA VOLCANO. Andean Safari<\/span><span style=\"font-weight: 400;\">The Antisana Ecological Reserve in Ecuador is a natural paradise of breathtaking beauty and biodiversity. Located in the Andean region, the Antisana Volcano is the 4th highest in Ecuador and the one with the most preserved glacier. This reserve is home to a variety of outdoor activities such as hiking, bird watching, photographic excursions, and mountain biking. Visitors can marvel at the majesty of the Antisana volcano and explore its surroundings, which include glacial lagoons, high-altitude moorlands, and cloud forests.\u00a0<\/span><\/p><p><span style=\"font-weight: 400;\">Additionally, the reserve hosts a wide range of animal species, including the majestic Andean condor, as well as spectacled bears, paramo wolves, white-tailed deer, and a diverse array of waterfowl and birds of prey. It is an ideal destination for nature and adventure lovers, offering an unforgettable experience amidst stunning landscapes and fascinating wildlife.<\/span><\/p>\t\t\t\t\t\t<\/div>\n\t\t\t\t<\/div>\n\t\t\t\t<div class=\"elementor-element elementor-element-243e2b82 elementor-widget elementor-widget-image\" data-id=\"243e2b82\" data-element_type=\"widget\" data-widget_type=\"image.default\">\n\t\t\t\t<div class=\"elementor-widget-container\">\n\t\t\t\t\t\t\t\t\t\t\t\t\t<img decoding=\"async\" width=\"720\" height=\"540\" src=\"https:\/\/quilotoa.org\/alpaka\/wp-content\/uploads\/2024\/09\/ANTIS002-1024x768.jpg\" class=\"attachment-large size-large wp-image-316\" alt=\"\" srcset=\"https:\/\/quilotoa.org\/alpaka\/wp-content\/uploads\/2024\/09\/ANTIS002-1024x768.jpg 1024w, https:\/\/quilotoa.org\/alpaka\/wp-content\/uploads\/2024\/09\/ANTIS002-300x225.jpg 300w, https:\/\/quilotoa.org\/alpaka\/wp-content\/uploads\/2024\/09\/ANTIS002-768x576.jpg 768w, https:\/\/quilotoa.org\/alpaka\/wp-content\/uploads\/2024\/09\/ANTIS002-1536x1152.jpg 1536w, https:\/\/quilotoa.org\/alpaka\/wp-content\/uploads\/2024\/09\/ANTIS002-2048x1536.jpg 2048w, https:\/\/quilotoa.org\/alpaka\/wp-content\/uploads\/2024\/09\/ANTIS002-80x60.jpg 80w, https:\/\/quilotoa.org\/alpaka\/wp-content\/uploads\/2024\/09\/ANTIS002-600x450.jpg 600w\" sizes=\"(max-width: 720px) 100vw, 720px\" \/>\t\t\t\t\t\t\t\t\t\t\t\t\t<\/div>\n\t\t\t\t<\/div>\n\t\t\t\t\t<\/div>\n\t\t<\/div>\n\t\t\t\t\t<\/div>\n\t\t<\/section>\n\t\t\t\t<section class=\"elementor-section elementor-top-section elementor-element elementor-element-17a70de3 elementor-section-boxed elementor-section-height-default elementor-section-height-default\" data-id=\"17a70de3\" data-element_type=\"section\">\n\t\t\t\t\t\t<div class=\"elementor-container elementor-column-gap-no\">\n\t\t\t\t\t<div class=\"elementor-column elementor-col-100 elementor-top-column elementor-element elementor-element-43c57fa\" data-id=\"43c57fa\" data-element_type=\"column\">\n\t\t\t<div class=\"elementor-widget-wrap elementor-element-populated\">\n\t\t\t\t\t\t<div class=\"elementor-element elementor-element-2639e716 elementor-widget elementor-widget-image-carousel\" data-id=\"2639e716\" data-element_type=\"widget\" data-settings=\"{&quot;slides_to_show&quot;:&quot;5&quot;,&quot;navigation&quot;:&quot;none&quot;,&quot;slides_to_show_tablet&quot;:&quot;4&quot;,&quot;slides_to_show_mobile&quot;:&quot;2&quot;,&quot;autoplay&quot;:&quot;yes&quot;,&quot;pause_on_hover&quot;:&quot;yes&quot;,&quot;pause_on_interaction&quot;:&quot;yes&quot;,&quot;autoplay_speed&quot;:5000,&quot;infinite&quot;:&quot;yes&quot;,&quot;speed&quot;:500}\" data-widget_type=\"image-carousel.default\">\n\t\t\t\t<div class=\"elementor-widget-container\">\n\t\t\t\t\t<div class=\"elementor-image-carousel-wrapper swiper\" dir=\"ltr\">\n\t\t\t<div class=\"elementor-image-carousel swiper-wrapper\" aria-live=\"off\">\n\t\t\t\t\t\t\t\t<div class=\"swiper-slide\" role=\"group\" aria-roledescription=\"slide\" aria-label=\"1 of 5\"><figure class=\"swiper-slide-inner\"><img decoding=\"async\" class=\"swiper-slide-image\" src=\"https:\/\/demo.bosathemes.com\/bosa\/travel-tour\/wp-content\/uploads\/sites\/77\/2023\/04\/img45.png\" alt=\"Cart\" \/><\/figure><\/div><div class=\"swiper-slide\" role=\"group\" aria-roledescription=\"slide\" aria-label=\"2 of 5\"><figure class=\"swiper-slide-inner\"><img decoding=\"async\" class=\"swiper-slide-image\" src=\"https:\/\/demo.bosathemes.com\/bosa\/travel-tour\/wp-content\/uploads\/sites\/77\/2023\/04\/img46.png\" alt=\"Checkout\" \/><\/figure><\/div><div class=\"swiper-slide\" role=\"group\" aria-roledescription=\"slide\" aria-label=\"3 of 5\"><figure class=\"swiper-slide-inner\"><img decoding=\"async\" class=\"swiper-slide-image\" src=\"https:\/\/demo.bosathemes.com\/bosa\/travel-tour\/wp-content\/uploads\/sites\/77\/2023\/04\/img47.png\" alt=\"My account\" \/><\/figure><\/div><div class=\"swiper-slide\" role=\"group\" aria-roledescription=\"slide\" aria-label=\"4 of 5\"><figure class=\"swiper-slide-inner\"><img decoding=\"async\" class=\"swiper-slide-image\" src=\"https:\/\/demo.bosathemes.com\/bosa\/travel-tour\/wp-content\/uploads\/sites\/77\/2023\/04\/img48.png\" alt=\"Refund and Returns Policy\" \/><\/figure><\/div><div class=\"swiper-slide\" role=\"group\" aria-roledescription=\"slide\" aria-label=\"5 of 5\"><figure class=\"swiper-slide-inner\"><img decoding=\"async\" class=\"swiper-slide-image\" src=\"https:\/\/demo.bosathemes.com\/bosa\/travel-tour\/wp-content\/uploads\/sites\/77\/2023\/04\/img49.png\" alt=\"Refund and Returns Policy\" \/><\/figure><\/div>\t\t\t<\/div>\n\t\t\t\t\t\t\t\n\t\t\t\t\t\t\t\t\t<\/div>\n\t\t\t\t<\/div>\n\t\t\t\t<\/div>\n\t\t\t\t\t<\/div>\n\t\t<\/div>\n\t\t\t\t\t<\/div>\n\t\t<\/section>\n\t\t\t\t<\/div>\n\t\t","protected":false},"excerpt":{"rendered":"<p>ANTISANA VOLC\u00c1N ANTISANA. Safari Andino La Reserva Ecol\u00f3gica Antisana en Ecuador es un para\u00edso natural de impresionante belleza y biodiversidad. Ubicada en la regi\u00f3n de los Andes, el Volc\u00e1n Antisana es el 4to m\u00e1s alto del Ecuador y el que m\u00e1s glaciar conserva. Esta reserva es hogar de una variedad de actividades al aire libre, como senderismo, observaci\u00f3n de aves, [&hellip;]<\/p>\n","protected":false},"author":1,"featured_media":0,"parent":0,"menu_order":0,"comment_status":"closed","ping_status":"closed","template":"elementor_header_footer","meta":{"footnotes":""},"class_list":["post-313","page","type-page","status-publish","hentry"],"_links":{"self":[{"href":"https:\/\/quilotoa.org\/alpaka\/wp-json\/wp\/v2\/pages\/313","targetHints":{"allow":["GET"]}}],"collection":[{"href":"https:\/\/quilotoa.org\/alpaka\/wp-json\/wp\/v2\/pages"}],"about":[{"href":"https:\/\/quilotoa.org\/alpaka\/wp-json\/wp\/v2\/types\/page"}],"author":[{"embeddable":true,"href":"https:\/\/quilotoa.org\/alpaka\/wp-json\/wp\/v2\/users\/1"}],"replies":[{"embeddable":true,"href":"https:\/\/quilotoa.org\/alpaka\/wp-json\/wp\/v2\/comments?post=313"}],"version-history":[{"count":4,"href":"https:\/\/quilotoa.org\/alpaka\/wp-json\/wp\/v2\/pages\/313\/revisions"}],"predecessor-version":[{"id":319,"href":"https:\/\/quilotoa.org\/alpaka\/wp-json\/wp\/v2\/pages\/313\/revisions\/319"}],"wp:attachment":[{"href":"https:\/\/quilotoa.org\/alpaka\/wp-json\/wp\/v2\/media?parent=313"}],"curies":[{"name":"wp","href":"https:\/\/api.w.org\/{rel}","templated":true}]}}