{"id":286,"date":"2024-09-14T23:09:00","date_gmt":"2024-09-15T04:09:00","guid":{"rendered":"https:\/\/quilotoa.org\/alpaka\/?page_id=286"},"modified":"2024-09-14T23:13:26","modified_gmt":"2024-09-15T04:13:26","slug":"oyacachi","status":"publish","type":"page","link":"https:\/\/quilotoa.org\/alpaka\/oyacachi\/","title":{"rendered":"Oyacachi"},"content":{"rendered":"\t\t<div data-elementor-type=\"wp-page\" data-elementor-id=\"286\" class=\"elementor elementor-286\">\n\t\t\t\t\t\t<section class=\"elementor-section elementor-top-section elementor-element elementor-element-7f404bc6 elementor-section-height-min-height elementor-section-boxed elementor-section-height-default elementor-section-items-middle\" data-id=\"7f404bc6\" data-element_type=\"section\" data-settings=\"{&quot;background_background&quot;:&quot;classic&quot;}\">\n\t\t\t\t\t\t\t<div class=\"elementor-background-overlay\"><\/div>\n\t\t\t\t\t\t\t<div class=\"elementor-container elementor-column-gap-no\">\n\t\t\t\t\t<div class=\"elementor-column elementor-col-100 elementor-top-column elementor-element elementor-element-446c63b4\" data-id=\"446c63b4\" data-element_type=\"column\">\n\t\t\t<div class=\"elementor-widget-wrap elementor-element-populated\">\n\t\t\t\t\t\t<div class=\"elementor-element elementor-element-70ac55b elementor-widget elementor-widget-heading\" data-id=\"70ac55b\" data-element_type=\"widget\" data-widget_type=\"heading.default\">\n\t\t\t\t<div class=\"elementor-widget-container\">\n\t\t\t<h3 class=\"elementor-heading-title elementor-size-default\">OYACACHI<\/h3>\t\t<\/div>\n\t\t\t\t<\/div>\n\t\t\t\t\t<\/div>\n\t\t<\/div>\n\t\t\t\t\t<\/div>\n\t\t<\/section>\n\t\t\t\t<section class=\"elementor-section elementor-top-section elementor-element elementor-element-71581821 elementor-section-boxed elementor-section-height-default elementor-section-height-default\" data-id=\"71581821\" data-element_type=\"section\">\n\t\t\t\t\t\t<div class=\"elementor-container elementor-column-gap-no\">\n\t\t\t\t\t<div class=\"elementor-column elementor-col-50 elementor-top-column elementor-element elementor-element-177e44d3\" data-id=\"177e44d3\" data-element_type=\"column\">\n\t\t\t<div class=\"elementor-widget-wrap elementor-element-populated\">\n\t\t\t\t\t\t<div class=\"elementor-element elementor-element-15ff9d48 elementor-widget elementor-widget-heading\" data-id=\"15ff9d48\" data-element_type=\"widget\" data-widget_type=\"heading.default\">\n\t\t\t\t<div class=\"elementor-widget-container\">\n\t\t\t<h3 class=\"elementor-heading-title elementor-size-default\">OYACACHI. \u201cTierra de Agua\u201d<\/h3>\t\t<\/div>\n\t\t\t\t<\/div>\n\t\t\t\t<div class=\"elementor-element elementor-element-ea3af94 elementor-widget elementor-widget-text-editor\" data-id=\"ea3af94\" data-element_type=\"widget\" data-widget_type=\"text-editor.default\">\n\t\t\t\t<div class=\"elementor-widget-container\">\n\t\t\t\t\t\t\t<p><span style=\"font-weight: 400;\">Oyacachi, una encantadora poblaci\u00f3n en Ecuador, conocida por sus aguas termales rejuvenecedoras y su entorno natural espectacular. Se encuentra en la vertiente oriental de la cordillera de los Andes, dentro del Parque Nacional Cayambe Coca. Oyacachi est\u00e1 en una zona intermedia entre los Andes y la Amazonia. Actualmente, Oyacachi es conocida como la \u00abtierra del agua\u00bb por la calidad y variedad de sus r\u00edos, arroyos, cascadas, lagunas y aguas termales, a los alrededores de estas monta\u00f1as tambien habitan osos andinos (Tremarctos ornatus), un gran simbolo para la Comunidad.<\/span><\/p><p><span style=\"font-weight: 400;\">En los \u00faltimos a\u00f1os es parte de la lista de los \u201cBest Tourism Villages\u201d, reconocimiento entregado por parte de la Organizaci\u00f3n Mundial de Turismo (OMT).\u00a0<\/span><\/p><p><span style=\"font-weight: 400;\">Esta naturaleza es resguardada por sus habitantes, que la mayor\u00eda son parte de la Comunidad ind\u00edgena Kichwa Kayambi y est\u00e1n asentados en esta zona desde hace m\u00e1s de 500 a\u00f1os. Conservan un rico patrimonio natural y cultural, que se expresa a trav\u00e9s de los conocimientos ancestrales y la cosmovisi\u00f3n de los miembros de la comunidad de Oyacachi.\u00a0<\/span><\/p><p><span style=\"font-weight: 400;\">Adem\u00e1s de relajarse en las aguas termales, los turistas pueden explorar los senderos para hacer caminatas y avistar aves, as\u00ed como participar en actividades como pesca de truchas en los r\u00edos cercanos.\u00a0<\/span><\/p><p><span style=\"font-weight: 400;\">En 2011, la UNESCO reconoci\u00f3 la calidad de la artesan\u00eda de Oyacachi, en particular sus tallas, pirograbados y pinturas con motivos de la biodiversidad.Es un destino perfecto para aquellos que buscan rejuvenecer cuerpo y mente en medio de la belleza natural de Ecuador.<\/span><\/p>\t\t\t\t\t\t<\/div>\n\t\t\t\t<\/div>\n\t\t\t\t<div class=\"elementor-element elementor-element-2370433e elementor-widget elementor-widget-image\" data-id=\"2370433e\" data-element_type=\"widget\" data-widget_type=\"image.default\">\n\t\t\t\t<div class=\"elementor-widget-container\">\n\t\t\t\t\t\t\t\t\t\t\t\t\t<img fetchpriority=\"high\" decoding=\"async\" width=\"720\" height=\"720\" src=\"https:\/\/quilotoa.org\/alpaka\/wp-content\/uploads\/2024\/09\/oyacachi_portada-1024x1024.jpg\" class=\"attachment-large size-large wp-image-164\" alt=\"\" srcset=\"https:\/\/quilotoa.org\/alpaka\/wp-content\/uploads\/2024\/09\/oyacachi_portada-1024x1024.jpg 1024w, https:\/\/quilotoa.org\/alpaka\/wp-content\/uploads\/2024\/09\/oyacachi_portada-300x300.jpg 300w, https:\/\/quilotoa.org\/alpaka\/wp-content\/uploads\/2024\/09\/oyacachi_portada-150x150.jpg 150w, https:\/\/quilotoa.org\/alpaka\/wp-content\/uploads\/2024\/09\/oyacachi_portada-768x768.jpg 768w, https:\/\/quilotoa.org\/alpaka\/wp-content\/uploads\/2024\/09\/oyacachi_portada-600x600.jpg 600w, https:\/\/quilotoa.org\/alpaka\/wp-content\/uploads\/2024\/09\/oyacachi_portada-100x100.jpg 100w, https:\/\/quilotoa.org\/alpaka\/wp-content\/uploads\/2024\/09\/oyacachi_portada.jpg 1440w\" sizes=\"(max-width: 720px) 100vw, 720px\" \/>\t\t\t\t\t\t\t\t\t\t\t\t\t<\/div>\n\t\t\t\t<\/div>\n\t\t\t\t\t<\/div>\n\t\t<\/div>\n\t\t\t\t<div class=\"elementor-column elementor-col-50 elementor-top-column elementor-element elementor-element-3bcbb13f\" data-id=\"3bcbb13f\" data-element_type=\"column\">\n\t\t\t<div class=\"elementor-widget-wrap elementor-element-populated\">\n\t\t\t\t\t\t<div class=\"elementor-element elementor-element-62ffbd5 elementor-widget elementor-widget-heading\" data-id=\"62ffbd5\" data-element_type=\"widget\" data-widget_type=\"heading.default\">\n\t\t\t\t<div class=\"elementor-widget-container\">\n\t\t\t<h3 class=\"elementor-heading-title elementor-size-default\">OYACACHI. \u201cLand of Water\u201d<\/h3>\t\t<\/div>\n\t\t\t\t<\/div>\n\t\t\t\t<div class=\"elementor-element elementor-element-5ca85aad elementor-widget elementor-widget-text-editor\" data-id=\"5ca85aad\" data-element_type=\"widget\" data-widget_type=\"text-editor.default\">\n\t\t\t\t<div class=\"elementor-widget-container\">\n\t\t\t\t\t\t\t<p><span style=\"font-weight: 400;\">Oyacachi, a charming town in Ecuador, is renowned for its rejuvenating thermal waters and spectacular natural surroundings. It is located on the eastern slope of the Andes mountain range, within the Cayambe Coca National Park, serving as an intermediate zone between the Andes and the Amazon. <\/span><\/p><p><span style=\"font-weight: 400;\">Currently known as the \u00abLand of Water,\u00bb Oyacachi has some rivers, streams, waterfalls, lagoons, and hot springs, surrounded by mountains that are also home to Andean bears (Tremarctos ornatus), a significant symbol for the community.\u00a0<\/span><\/p><p><span style=\"font-weight: 400;\">In recent years, Oyacachi has been recognized as one of the \u00abBest Tourism Villages\u00bb by the World Tourism Organization (UNWTO). This nature is preserved by its inhabitants, the majority of whom belong to the Kichwa Kayambi indigenous community, settled in the area for over 500 years. They safeguard a rich natural and cultural heritage, expressed through ancestral knowledge and the community&#8217;s worldview. In addition to indulging in the thermal waters, tourists can explore hiking trails, birdwatching, and engage in activities such as trout fishing in nearby rivers.\u00a0<\/span><\/p><p><span style=\"font-weight: 400;\">In 2011, UNESCO acknowledged the quality of Oyacachi&#8217;s craftsmanship, particularly its carvings, pyrography, and paintings depicting biodiversity. It&#8217;s a perfect destination for those seeking to rejuvenate body and mind amidst Ecuador&#8217;s natural beauty.<\/span><\/p>\t\t\t\t\t\t<\/div>\n\t\t\t\t<\/div>\n\t\t\t\t<div class=\"elementor-element elementor-element-5c348dc8 elementor-widget elementor-widget-image\" data-id=\"5c348dc8\" data-element_type=\"widget\" data-widget_type=\"image.default\">\n\t\t\t\t<div class=\"elementor-widget-container\">\n\t\t\t\t\t\t\t\t\t\t\t\t\t<img decoding=\"async\" width=\"720\" height=\"720\" src=\"https:\/\/quilotoa.org\/alpaka\/wp-content\/uploads\/2024\/09\/oyacachi_portada1-1024x1024.jpg\" class=\"attachment-large size-large wp-image-183\" alt=\"\" srcset=\"https:\/\/quilotoa.org\/alpaka\/wp-content\/uploads\/2024\/09\/oyacachi_portada1-1024x1024.jpg 1024w, https:\/\/quilotoa.org\/alpaka\/wp-content\/uploads\/2024\/09\/oyacachi_portada1-300x300.jpg 300w, https:\/\/quilotoa.org\/alpaka\/wp-content\/uploads\/2024\/09\/oyacachi_portada1-150x150.jpg 150w, https:\/\/quilotoa.org\/alpaka\/wp-content\/uploads\/2024\/09\/oyacachi_portada1-768x768.jpg 768w, https:\/\/quilotoa.org\/alpaka\/wp-content\/uploads\/2024\/09\/oyacachi_portada1-600x600.jpg 600w, https:\/\/quilotoa.org\/alpaka\/wp-content\/uploads\/2024\/09\/oyacachi_portada1-100x100.jpg 100w, https:\/\/quilotoa.org\/alpaka\/wp-content\/uploads\/2024\/09\/oyacachi_portada1.jpg 1440w\" sizes=\"(max-width: 720px) 100vw, 720px\" \/>\t\t\t\t\t\t\t\t\t\t\t\t\t<\/div>\n\t\t\t\t<\/div>\n\t\t\t\t\t<\/div>\n\t\t<\/div>\n\t\t\t\t\t<\/div>\n\t\t<\/section>\n\t\t\t\t<section class=\"elementor-section elementor-top-section elementor-element elementor-element-5fc44a47 elementor-section-boxed elementor-section-height-default elementor-section-height-default\" data-id=\"5fc44a47\" data-element_type=\"section\">\n\t\t\t\t\t\t<div class=\"elementor-container elementor-column-gap-no\">\n\t\t\t\t\t<div class=\"elementor-column elementor-col-100 elementor-top-column elementor-element elementor-element-18e27929\" data-id=\"18e27929\" data-element_type=\"column\">\n\t\t\t<div class=\"elementor-widget-wrap elementor-element-populated\">\n\t\t\t\t\t\t<div class=\"elementor-element elementor-element-5ae61f09 elementor-widget elementor-widget-image-carousel\" data-id=\"5ae61f09\" data-element_type=\"widget\" data-settings=\"{&quot;slides_to_show&quot;:&quot;5&quot;,&quot;navigation&quot;:&quot;none&quot;,&quot;slides_to_show_tablet&quot;:&quot;4&quot;,&quot;slides_to_show_mobile&quot;:&quot;2&quot;,&quot;autoplay&quot;:&quot;yes&quot;,&quot;pause_on_hover&quot;:&quot;yes&quot;,&quot;pause_on_interaction&quot;:&quot;yes&quot;,&quot;autoplay_speed&quot;:5000,&quot;infinite&quot;:&quot;yes&quot;,&quot;speed&quot;:500}\" data-widget_type=\"image-carousel.default\">\n\t\t\t\t<div class=\"elementor-widget-container\">\n\t\t\t\t\t<div class=\"elementor-image-carousel-wrapper swiper\" dir=\"ltr\">\n\t\t\t<div class=\"elementor-image-carousel swiper-wrapper\" aria-live=\"off\">\n\t\t\t\t\t\t\t\t<div class=\"swiper-slide\" role=\"group\" aria-roledescription=\"slide\" aria-label=\"1 of 5\"><figure class=\"swiper-slide-inner\"><img decoding=\"async\" class=\"swiper-slide-image\" src=\"https:\/\/demo.bosathemes.com\/bosa\/travel-tour\/wp-content\/uploads\/sites\/77\/2023\/04\/img45.png\" alt=\"Cart\" \/><\/figure><\/div><div class=\"swiper-slide\" role=\"group\" aria-roledescription=\"slide\" aria-label=\"2 of 5\"><figure class=\"swiper-slide-inner\"><img decoding=\"async\" class=\"swiper-slide-image\" src=\"https:\/\/demo.bosathemes.com\/bosa\/travel-tour\/wp-content\/uploads\/sites\/77\/2023\/04\/img46.png\" alt=\"Checkout\" \/><\/figure><\/div><div class=\"swiper-slide\" role=\"group\" aria-roledescription=\"slide\" aria-label=\"3 of 5\"><figure class=\"swiper-slide-inner\"><img decoding=\"async\" class=\"swiper-slide-image\" src=\"https:\/\/demo.bosathemes.com\/bosa\/travel-tour\/wp-content\/uploads\/sites\/77\/2023\/04\/img47.png\" alt=\"My account\" \/><\/figure><\/div><div class=\"swiper-slide\" role=\"group\" aria-roledescription=\"slide\" aria-label=\"4 of 5\"><figure class=\"swiper-slide-inner\"><img decoding=\"async\" class=\"swiper-slide-image\" src=\"https:\/\/demo.bosathemes.com\/bosa\/travel-tour\/wp-content\/uploads\/sites\/77\/2023\/04\/img48.png\" alt=\"Refund and Returns Policy\" \/><\/figure><\/div><div class=\"swiper-slide\" role=\"group\" aria-roledescription=\"slide\" aria-label=\"5 of 5\"><figure class=\"swiper-slide-inner\"><img decoding=\"async\" class=\"swiper-slide-image\" src=\"https:\/\/demo.bosathemes.com\/bosa\/travel-tour\/wp-content\/uploads\/sites\/77\/2023\/04\/img49.png\" alt=\"Refund and Returns Policy\" \/><\/figure><\/div>\t\t\t<\/div>\n\t\t\t\t\t\t\t\n\t\t\t\t\t\t\t\t\t<\/div>\n\t\t\t\t<\/div>\n\t\t\t\t<\/div>\n\t\t\t\t\t<\/div>\n\t\t<\/div>\n\t\t\t\t\t<\/div>\n\t\t<\/section>\n\t\t\t\t<\/div>\n\t\t","protected":false},"excerpt":{"rendered":"<p>OYACACHI OYACACHI. \u201cTierra de Agua\u201d Oyacachi, una encantadora poblaci\u00f3n en Ecuador, conocida por sus aguas termales rejuvenecedoras y su entorno natural espectacular. Se encuentra en la vertiente oriental de la cordillera de los Andes, dentro del Parque Nacional Cayambe Coca. Oyacachi est\u00e1 en una zona intermedia entre los Andes y la Amazonia. Actualmente, Oyacachi es conocida como la \u00abtierra del [&hellip;]<\/p>\n","protected":false},"author":1,"featured_media":0,"parent":0,"menu_order":0,"comment_status":"closed","ping_status":"closed","template":"elementor_header_footer","meta":{"footnotes":""},"class_list":["post-286","page","type-page","status-publish","hentry"],"_links":{"self":[{"href":"https:\/\/quilotoa.org\/alpaka\/wp-json\/wp\/v2\/pages\/286","targetHints":{"allow":["GET"]}}],"collection":[{"href":"https:\/\/quilotoa.org\/alpaka\/wp-json\/wp\/v2\/pages"}],"about":[{"href":"https:\/\/quilotoa.org\/alpaka\/wp-json\/wp\/v2\/types\/page"}],"author":[{"embeddable":true,"href":"https:\/\/quilotoa.org\/alpaka\/wp-json\/wp\/v2\/users\/1"}],"replies":[{"embeddable":true,"href":"https:\/\/quilotoa.org\/alpaka\/wp-json\/wp\/v2\/comments?post=286"}],"version-history":[{"count":4,"href":"https:\/\/quilotoa.org\/alpaka\/wp-json\/wp\/v2\/pages\/286\/revisions"}],"predecessor-version":[{"id":292,"href":"https:\/\/quilotoa.org\/alpaka\/wp-json\/wp\/v2\/pages\/286\/revisions\/292"}],"wp:attachment":[{"href":"https:\/\/quilotoa.org\/alpaka\/wp-json\/wp\/v2\/media?parent=286"}],"curies":[{"name":"wp","href":"https:\/\/api.w.org\/{rel}","templated":true}]}}