{"id":255,"date":"2024-09-14T22:55:22","date_gmt":"2024-09-15T03:55:22","guid":{"rendered":"https:\/\/quilotoa.org\/alpaka\/?page_id=255"},"modified":"2024-09-14T23:00:25","modified_gmt":"2024-09-15T04:00:25","slug":"mindo","status":"publish","type":"page","link":"https:\/\/quilotoa.org\/alpaka\/mindo\/","title":{"rendered":"Mindo"},"content":{"rendered":"\t\t<div data-elementor-type=\"wp-page\" data-elementor-id=\"255\" class=\"elementor elementor-255\">\n\t\t\t\t\t\t<section class=\"elementor-section elementor-top-section elementor-element elementor-element-6898905d elementor-section-height-min-height elementor-section-boxed elementor-section-height-default elementor-section-items-middle\" data-id=\"6898905d\" data-element_type=\"section\" data-settings=\"{&quot;background_background&quot;:&quot;classic&quot;}\">\n\t\t\t\t\t\t\t<div class=\"elementor-background-overlay\"><\/div>\n\t\t\t\t\t\t\t<div class=\"elementor-container elementor-column-gap-no\">\n\t\t\t\t\t<div class=\"elementor-column elementor-col-100 elementor-top-column elementor-element elementor-element-4070fbf3\" data-id=\"4070fbf3\" data-element_type=\"column\">\n\t\t\t<div class=\"elementor-widget-wrap elementor-element-populated\">\n\t\t\t\t\t\t<div class=\"elementor-element elementor-element-e766cc1 elementor-widget elementor-widget-heading\" data-id=\"e766cc1\" data-element_type=\"widget\" data-widget_type=\"heading.default\">\n\t\t\t\t<div class=\"elementor-widget-container\">\n\t\t\t<h3 class=\"elementor-heading-title elementor-size-default\">MINDO<\/h3>\t\t<\/div>\n\t\t\t\t<\/div>\n\t\t\t\t\t<\/div>\n\t\t<\/div>\n\t\t\t\t\t<\/div>\n\t\t<\/section>\n\t\t\t\t<section class=\"elementor-section elementor-top-section elementor-element elementor-element-2a1884f0 elementor-section-boxed elementor-section-height-default elementor-section-height-default\" data-id=\"2a1884f0\" data-element_type=\"section\">\n\t\t\t\t\t\t<div class=\"elementor-container elementor-column-gap-no\">\n\t\t\t\t\t<div class=\"elementor-column elementor-col-50 elementor-top-column elementor-element elementor-element-12ce3c37\" data-id=\"12ce3c37\" data-element_type=\"column\">\n\t\t\t<div class=\"elementor-widget-wrap elementor-element-populated\">\n\t\t\t\t\t\t<div class=\"elementor-element elementor-element-2bdd3bae elementor-widget elementor-widget-heading\" data-id=\"2bdd3bae\" data-element_type=\"widget\" data-widget_type=\"heading.default\">\n\t\t\t\t<div class=\"elementor-widget-container\">\n\t\t\t<h3 class=\"elementor-heading-title elementor-size-default\">MINDO - Bosque Nublado. Reserva de la Biosfera.<\/h3>\t\t<\/div>\n\t\t\t\t<\/div>\n\t\t\t\t<div class=\"elementor-element elementor-element-1fc195e5 elementor-widget elementor-widget-text-editor\" data-id=\"1fc195e5\" data-element_type=\"widget\" data-widget_type=\"text-editor.default\">\n\t\t\t\t<div class=\"elementor-widget-container\">\n\t\t\t\t\t\t\t<p><span style=\"font-weight: 400;\">Mindo, un encantador pueblo ubicado en las estribaciones de los Andes en Ecuador, es un destino tur\u00edstico imprescindible para los amantes de la naturaleza y la aventura. Rodeado de exuberantes bosques nublados, cascadas majestuosas y una biodiversidad \u00fanica, Mindo ofrece una variedad de actividades al aire libre, como senderismo, observaci\u00f3n de aves, paseos en canopy, tubing por los r\u00edos y visitas a reservas de aves, mariposas y orqu\u00eddeas.\u00a0<\/span><\/p><p><span style=\"font-weight: 400;\">Los entusiastas de la adrenalina pueden disfrutar de la tirolina o canopy a trav\u00e9s y sobre los \u00e1rboles del bosque; mientras que los amantes de la tranquilidad pueden relajarse en los jardines bot\u00e1nicos o explorar las numerosas rutas de senderismo. Adem\u00e1s, el pueblo cuenta con una vibrante escena gastron\u00f3mica, con cafeter\u00edas acogedoras y restaurantes que sirven comida local.\u00a0<\/span><\/p><p><span style=\"font-weight: 400;\">Mindo es verdaderamente un para\u00edso natural que ofrece una experiencia inolvidable, un excelente lugar para iniciar tu viaje en Ecuador, aclimatarse y seguir con m\u00e1s destinos.<\/span><\/p><p><span style=\"font-weight: 400;\">Algunos d\u00edas atravesando el Bosque Nublado, nos permite disfrutar completamente de esta Reserva de Biosfera mundial llamado: Choc\u00f3 Andino, cruzamos algunos pueblos peque\u00f1os y hay bosques aleda\u00f1os que se pueden cruzar en bicicleta tambi\u00e9n.<\/span><\/p>\t\t\t\t\t\t<\/div>\n\t\t\t\t<\/div>\n\t\t\t\t<div class=\"elementor-element elementor-element-d60f7ee elementor-widget elementor-widget-image\" data-id=\"d60f7ee\" data-element_type=\"widget\" data-widget_type=\"image.default\">\n\t\t\t\t<div class=\"elementor-widget-container\">\n\t\t\t\t\t\t\t\t\t\t\t\t\t<img fetchpriority=\"high\" decoding=\"async\" width=\"720\" height=\"749\" src=\"https:\/\/quilotoa.org\/alpaka\/wp-content\/uploads\/2024\/09\/mind-005-985x1024.jpg\" class=\"attachment-large size-large wp-image-259\" alt=\"\" srcset=\"https:\/\/quilotoa.org\/alpaka\/wp-content\/uploads\/2024\/09\/mind-005-985x1024.jpg 985w, https:\/\/quilotoa.org\/alpaka\/wp-content\/uploads\/2024\/09\/mind-005-288x300.jpg 288w, https:\/\/quilotoa.org\/alpaka\/wp-content\/uploads\/2024\/09\/mind-005-768x799.jpg 768w, https:\/\/quilotoa.org\/alpaka\/wp-content\/uploads\/2024\/09\/mind-005-1477x1536.jpg 1477w, https:\/\/quilotoa.org\/alpaka\/wp-content\/uploads\/2024\/09\/mind-005-1969x2048.jpg 1969w, https:\/\/quilotoa.org\/alpaka\/wp-content\/uploads\/2024\/09\/mind-005-600x624.jpg 600w\" sizes=\"(max-width: 720px) 100vw, 720px\" \/>\t\t\t\t\t\t\t\t\t\t\t\t\t<\/div>\n\t\t\t\t<\/div>\n\t\t\t\t\t<\/div>\n\t\t<\/div>\n\t\t\t\t<div class=\"elementor-column elementor-col-50 elementor-top-column elementor-element elementor-element-4d982bf9\" data-id=\"4d982bf9\" data-element_type=\"column\">\n\t\t\t<div class=\"elementor-widget-wrap elementor-element-populated\">\n\t\t\t\t\t\t<div class=\"elementor-element elementor-element-73464af0 elementor-widget elementor-widget-heading\" data-id=\"73464af0\" data-element_type=\"widget\" data-widget_type=\"heading.default\">\n\t\t\t\t<div class=\"elementor-widget-container\">\n\t\t\t<h3 class=\"elementor-heading-title elementor-size-default\">MINDO - Cloud Forest. World Biosphere Reserve<\/h3>\t\t<\/div>\n\t\t\t\t<\/div>\n\t\t\t\t<div class=\"elementor-element elementor-element-31ca64e5 elementor-widget elementor-widget-text-editor\" data-id=\"31ca64e5\" data-element_type=\"widget\" data-widget_type=\"text-editor.default\">\n\t\t\t\t<div class=\"elementor-widget-container\">\n\t\t\t\t\t\t\t<p><span style=\"font-weight: 400;\">Mindo, a charming town nestled in the foothills of the Andes in Ecuador, is a must-visit tourist destination for nature and adventure enthusiasts. Surrounded by lush cloud forests, majestic waterfalls, and unique biodiversity, Mindo offers a variety of outdoor activities such as hiking, bird watching, canopy tours, river tubing, and visits to bird, butterfly, and orchid reserves.\u00a0<\/span><\/p><p><span style=\"font-weight: 400;\">Adrenaline enthusiasts can enjoy ziplining or canopy tours through and above the forest; while those seeking tranquility can relax in botanical gardens or explore numerous hiking trails. Additionally, the town boasts a vibrant gastronomic scene, with cozy cafes and restaurants serving local cuisine.\u00a0<\/span><\/p><p><span style=\"font-weight: 400;\">Mindo is truly a natural paradise that offers an unforgettable experience, an excellent place to start your journey in Ecuador, acclimate, and continue with more destinations. Exploring the Cloud Forest for a few days allows us to fully enjoy this World Biosphere Reserve called: The Andean Choc\u00f3. We pass through some small towns and there are nearby forests that can also be explored by bicycle.<\/span><\/p>\t\t\t\t\t\t<\/div>\n\t\t\t\t<\/div>\n\t\t\t\t<div class=\"elementor-element elementor-element-740faa5b elementor-widget elementor-widget-image\" data-id=\"740faa5b\" data-element_type=\"widget\" data-widget_type=\"image.default\">\n\t\t\t\t<div class=\"elementor-widget-container\">\n\t\t\t\t\t\t\t\t\t\t\t\t\t<img decoding=\"async\" width=\"720\" height=\"960\" src=\"https:\/\/quilotoa.org\/alpaka\/wp-content\/uploads\/2024\/09\/MIND-001-768x1024.jpg\" class=\"attachment-large size-large wp-image-260\" alt=\"\" srcset=\"https:\/\/quilotoa.org\/alpaka\/wp-content\/uploads\/2024\/09\/MIND-001-768x1024.jpg 768w, https:\/\/quilotoa.org\/alpaka\/wp-content\/uploads\/2024\/09\/MIND-001-225x300.jpg 225w, https:\/\/quilotoa.org\/alpaka\/wp-content\/uploads\/2024\/09\/MIND-001-1152x1536.jpg 1152w, https:\/\/quilotoa.org\/alpaka\/wp-content\/uploads\/2024\/09\/MIND-001-1536x2048.jpg 1536w, https:\/\/quilotoa.org\/alpaka\/wp-content\/uploads\/2024\/09\/MIND-001-600x800.jpg 600w, https:\/\/quilotoa.org\/alpaka\/wp-content\/uploads\/2024\/09\/MIND-001-scaled.jpg 1920w\" sizes=\"(max-width: 720px) 100vw, 720px\" \/>\t\t\t\t\t\t\t\t\t\t\t\t\t<\/div>\n\t\t\t\t<\/div>\n\t\t\t\t\t<\/div>\n\t\t<\/div>\n\t\t\t\t\t<\/div>\n\t\t<\/section>\n\t\t\t\t<section class=\"elementor-section elementor-top-section elementor-element elementor-element-31e4b983 elementor-section-boxed elementor-section-height-default elementor-section-height-default\" data-id=\"31e4b983\" data-element_type=\"section\">\n\t\t\t\t\t\t<div class=\"elementor-container elementor-column-gap-no\">\n\t\t\t\t\t<div class=\"elementor-column elementor-col-100 elementor-top-column elementor-element elementor-element-1ab06fe4\" data-id=\"1ab06fe4\" data-element_type=\"column\">\n\t\t\t<div class=\"elementor-widget-wrap elementor-element-populated\">\n\t\t\t\t\t\t<div class=\"elementor-element elementor-element-5d7e4e6a elementor-widget elementor-widget-image-carousel\" data-id=\"5d7e4e6a\" data-element_type=\"widget\" data-settings=\"{&quot;slides_to_show&quot;:&quot;5&quot;,&quot;navigation&quot;:&quot;none&quot;,&quot;slides_to_show_tablet&quot;:&quot;4&quot;,&quot;slides_to_show_mobile&quot;:&quot;2&quot;,&quot;autoplay&quot;:&quot;yes&quot;,&quot;pause_on_hover&quot;:&quot;yes&quot;,&quot;pause_on_interaction&quot;:&quot;yes&quot;,&quot;autoplay_speed&quot;:5000,&quot;infinite&quot;:&quot;yes&quot;,&quot;speed&quot;:500}\" data-widget_type=\"image-carousel.default\">\n\t\t\t\t<div class=\"elementor-widget-container\">\n\t\t\t\t\t<div class=\"elementor-image-carousel-wrapper swiper\" dir=\"ltr\">\n\t\t\t<div class=\"elementor-image-carousel swiper-wrapper\" aria-live=\"off\">\n\t\t\t\t\t\t\t\t<div class=\"swiper-slide\" role=\"group\" aria-roledescription=\"slide\" aria-label=\"1 of 5\"><figure class=\"swiper-slide-inner\"><img decoding=\"async\" class=\"swiper-slide-image\" src=\"https:\/\/demo.bosathemes.com\/bosa\/travel-tour\/wp-content\/uploads\/sites\/77\/2023\/04\/img45.png\" alt=\"Cart\" \/><\/figure><\/div><div class=\"swiper-slide\" role=\"group\" aria-roledescription=\"slide\" aria-label=\"2 of 5\"><figure class=\"swiper-slide-inner\"><img decoding=\"async\" class=\"swiper-slide-image\" src=\"https:\/\/demo.bosathemes.com\/bosa\/travel-tour\/wp-content\/uploads\/sites\/77\/2023\/04\/img46.png\" alt=\"Checkout\" \/><\/figure><\/div><div class=\"swiper-slide\" role=\"group\" aria-roledescription=\"slide\" aria-label=\"3 of 5\"><figure class=\"swiper-slide-inner\"><img decoding=\"async\" class=\"swiper-slide-image\" src=\"https:\/\/demo.bosathemes.com\/bosa\/travel-tour\/wp-content\/uploads\/sites\/77\/2023\/04\/img47.png\" alt=\"My account\" \/><\/figure><\/div><div class=\"swiper-slide\" role=\"group\" aria-roledescription=\"slide\" aria-label=\"4 of 5\"><figure class=\"swiper-slide-inner\"><img decoding=\"async\" class=\"swiper-slide-image\" src=\"https:\/\/demo.bosathemes.com\/bosa\/travel-tour\/wp-content\/uploads\/sites\/77\/2023\/04\/img48.png\" alt=\"Refund and Returns Policy\" \/><\/figure><\/div><div class=\"swiper-slide\" role=\"group\" aria-roledescription=\"slide\" aria-label=\"5 of 5\"><figure class=\"swiper-slide-inner\"><img decoding=\"async\" class=\"swiper-slide-image\" src=\"https:\/\/demo.bosathemes.com\/bosa\/travel-tour\/wp-content\/uploads\/sites\/77\/2023\/04\/img49.png\" alt=\"Refund and Returns Policy\" \/><\/figure><\/div>\t\t\t<\/div>\n\t\t\t\t\t\t\t\n\t\t\t\t\t\t\t\t\t<\/div>\n\t\t\t\t<\/div>\n\t\t\t\t<\/div>\n\t\t\t\t\t<\/div>\n\t\t<\/div>\n\t\t\t\t\t<\/div>\n\t\t<\/section>\n\t\t\t\t<\/div>\n\t\t","protected":false},"excerpt":{"rendered":"<p>MINDO MINDO &#8211; Bosque Nublado. Reserva de la Biosfera. Mindo, un encantador pueblo ubicado en las estribaciones de los Andes en Ecuador, es un destino tur\u00edstico imprescindible para los amantes de la naturaleza y la aventura. Rodeado de exuberantes bosques nublados, cascadas majestuosas y una biodiversidad \u00fanica, Mindo ofrece una variedad de actividades al aire libre, como senderismo, observaci\u00f3n de [&hellip;]<\/p>\n","protected":false},"author":1,"featured_media":0,"parent":0,"menu_order":0,"comment_status":"closed","ping_status":"closed","template":"elementor_header_footer","meta":{"footnotes":""},"class_list":["post-255","page","type-page","status-publish","hentry"],"_links":{"self":[{"href":"https:\/\/quilotoa.org\/alpaka\/wp-json\/wp\/v2\/pages\/255","targetHints":{"allow":["GET"]}}],"collection":[{"href":"https:\/\/quilotoa.org\/alpaka\/wp-json\/wp\/v2\/pages"}],"about":[{"href":"https:\/\/quilotoa.org\/alpaka\/wp-json\/wp\/v2\/types\/page"}],"author":[{"embeddable":true,"href":"https:\/\/quilotoa.org\/alpaka\/wp-json\/wp\/v2\/users\/1"}],"replies":[{"embeddable":true,"href":"https:\/\/quilotoa.org\/alpaka\/wp-json\/wp\/v2\/comments?post=255"}],"version-history":[{"count":4,"href":"https:\/\/quilotoa.org\/alpaka\/wp-json\/wp\/v2\/pages\/255\/revisions"}],"predecessor-version":[{"id":263,"href":"https:\/\/quilotoa.org\/alpaka\/wp-json\/wp\/v2\/pages\/255\/revisions\/263"}],"wp:attachment":[{"href":"https:\/\/quilotoa.org\/alpaka\/wp-json\/wp\/v2\/media?parent=255"}],"curies":[{"name":"wp","href":"https:\/\/api.w.org\/{rel}","templated":true}]}}