{"id":219,"date":"2024-09-14T22:22:52","date_gmt":"2024-09-15T03:22:52","guid":{"rendered":"https:\/\/quilotoa.org\/alpaka\/?page_id=219"},"modified":"2024-09-14T22:41:13","modified_gmt":"2024-09-15T03:41:13","slug":"quito-ancestral","status":"publish","type":"page","link":"https:\/\/quilotoa.org\/alpaka\/quito-ancestral\/","title":{"rendered":"Quito Ancestral"},"content":{"rendered":"\t\t<div data-elementor-type=\"wp-page\" data-elementor-id=\"219\" class=\"elementor elementor-219\">\n\t\t\t\t\t\t<section class=\"elementor-section elementor-top-section elementor-element elementor-element-9375ab0 elementor-section-height-min-height elementor-section-boxed elementor-section-height-default elementor-section-items-middle\" data-id=\"9375ab0\" data-element_type=\"section\" data-settings=\"{&quot;background_background&quot;:&quot;classic&quot;}\">\n\t\t\t\t\t\t\t<div class=\"elementor-background-overlay\"><\/div>\n\t\t\t\t\t\t\t<div class=\"elementor-container elementor-column-gap-no\">\n\t\t\t\t\t<div class=\"elementor-column elementor-col-100 elementor-top-column elementor-element elementor-element-4048ad1d\" data-id=\"4048ad1d\" data-element_type=\"column\">\n\t\t\t<div class=\"elementor-widget-wrap elementor-element-populated\">\n\t\t\t\t\t\t<div class=\"elementor-element elementor-element-4fb53265 elementor-widget elementor-widget-heading\" data-id=\"4fb53265\" data-element_type=\"widget\" data-widget_type=\"heading.default\">\n\t\t\t\t<div class=\"elementor-widget-container\">\n\t\t\t<h3 class=\"elementor-heading-title elementor-size-default\">QUITO<\/h3>\t\t<\/div>\n\t\t\t\t<\/div>\n\t\t\t\t\t<\/div>\n\t\t<\/div>\n\t\t\t\t\t<\/div>\n\t\t<\/section>\n\t\t\t\t<section class=\"elementor-section elementor-top-section elementor-element elementor-element-4cf5d4c7 elementor-section-boxed elementor-section-height-default elementor-section-height-default\" data-id=\"4cf5d4c7\" data-element_type=\"section\">\n\t\t\t\t\t\t<div class=\"elementor-container elementor-column-gap-no\">\n\t\t\t\t\t<div class=\"elementor-column elementor-col-50 elementor-top-column elementor-element elementor-element-3e8a8228\" data-id=\"3e8a8228\" data-element_type=\"column\">\n\t\t\t<div class=\"elementor-widget-wrap elementor-element-populated\">\n\t\t\t\t\t\t<div class=\"elementor-element elementor-element-7e6063ac elementor-widget elementor-widget-heading\" data-id=\"7e6063ac\" data-element_type=\"widget\" data-widget_type=\"heading.default\">\n\t\t\t\t<div class=\"elementor-widget-container\">\n\t\t\t<h3 class=\"elementor-heading-title elementor-size-default\">ciudad ancestras y metropolitana de los andes<\/h3>\t\t<\/div>\n\t\t\t\t<\/div>\n\t\t\t\t<div class=\"elementor-element elementor-element-264c6582 elementor-widget elementor-widget-text-editor\" data-id=\"264c6582\" data-element_type=\"widget\" data-widget_type=\"text-editor.default\">\n\t\t\t\t<div class=\"elementor-widget-container\">\n\t\t\t\t\t\t\t<p><span style=\"font-weight: 400;\"><strong>\u00a1Parte de tu aventura comienza en la capital equinoccial!<\/strong> Uno de los aeropuertos m\u00e1s importantes de Ecuador y Sudam\u00e9rica se encuentra en Quito.<\/span><\/p><p><span style=\"font-weight: 400;\">Quito es una ciudad diversa en actividades, miradores, edificios y lugares hist\u00f3ricos, todo rodeado de naturaleza. S\u00f3lo para explorar Quito ser\u00e1n necesarios algunos d\u00edas para conocer cada rinc\u00f3n de la ciudad.\u00a0 Aqu\u00ed te damos algunos temas que te pueden gustar y algunas actividades para crear tu plan ideal en: <em>KITU<\/em>, esta ciudad latina, andina y equinoccial.<\/span><\/p><p><span style=\"font-weight: 400;\">Nuestro tour de la ciudad o tour de d\u00eda completo es una oportunidad para apreciar la ciudad desde diferentes miradores, perspectivas o actividades.<\/span><\/p><p><span style=\"font-weight: 400;\">Naturaleza, arquitectura, arte, arqueolog\u00eda andina, nuevos sabores, paisajes y mucho m\u00e1s\u00a0<\/span><\/p><p><span style=\"font-weight: 400;\">Actividades opcionales en Quito:<\/span><\/p><ul><li><span style=\"font-weight: 400;\">Centro Hist\u00f3rico de Quito: \u00abLa Joya de Quito\u00bb.<\/span><\/li><li><span style=\"font-weight: 400;\">Tour en bicicleta por la zona norte de Quito.<\/span><\/li><li><span style=\"font-weight: 400;\">Telef\u00e9rico, \u00a1hacia el cielo!<\/span><\/li><li><span style=\"font-weight: 400;\">\u00a1Hora de visitar el Museo Arqueol\u00f3gico!<\/span><\/li><li><span style=\"font-weight: 400;\">Museos de Arte Contempor\u00e1neo.\u00a0<\/span><\/li><li><span style=\"font-weight: 400;\">Tour gastron\u00f3mico o de comida tradicional.<\/span><\/li><\/ul>\t\t\t\t\t\t<\/div>\n\t\t\t\t<\/div>\n\t\t\t\t<div class=\"elementor-element elementor-element-64247961 elementor-widget elementor-widget-image\" data-id=\"64247961\" data-element_type=\"widget\" data-widget_type=\"image.default\">\n\t\t\t\t<div class=\"elementor-widget-container\">\n\t\t\t\t\t\t\t\t\t\t\t\t\t<img fetchpriority=\"high\" decoding=\"async\" width=\"720\" height=\"900\" src=\"https:\/\/quilotoa.org\/alpaka\/wp-content\/uploads\/2024\/09\/quito-004-819x1024.jpg\" class=\"attachment-large size-large wp-image-225\" alt=\"\" srcset=\"https:\/\/quilotoa.org\/alpaka\/wp-content\/uploads\/2024\/09\/quito-004-819x1024.jpg 819w, https:\/\/quilotoa.org\/alpaka\/wp-content\/uploads\/2024\/09\/quito-004-240x300.jpg 240w, https:\/\/quilotoa.org\/alpaka\/wp-content\/uploads\/2024\/09\/quito-004-768x960.jpg 768w, https:\/\/quilotoa.org\/alpaka\/wp-content\/uploads\/2024\/09\/quito-004-1229x1536.jpg 1229w, https:\/\/quilotoa.org\/alpaka\/wp-content\/uploads\/2024\/09\/quito-004-1638x2048.jpg 1638w, https:\/\/quilotoa.org\/alpaka\/wp-content\/uploads\/2024\/09\/quito-004-600x750.jpg 600w, https:\/\/quilotoa.org\/alpaka\/wp-content\/uploads\/2024\/09\/quito-004-scaled.jpg 2048w\" sizes=\"(max-width: 720px) 100vw, 720px\" \/>\t\t\t\t\t\t\t\t\t\t\t\t\t<\/div>\n\t\t\t\t<\/div>\n\t\t\t\t\t<\/div>\n\t\t<\/div>\n\t\t\t\t<div class=\"elementor-column elementor-col-50 elementor-top-column elementor-element elementor-element-10820225\" data-id=\"10820225\" data-element_type=\"column\">\n\t\t\t<div class=\"elementor-widget-wrap elementor-element-populated\">\n\t\t\t\t\t\t<div class=\"elementor-element elementor-element-b5a4b45 elementor-widget elementor-widget-heading\" data-id=\"b5a4b45\" data-element_type=\"widget\" data-widget_type=\"heading.default\">\n\t\t\t\t<div class=\"elementor-widget-container\">\n\t\t\t<h3 class=\"elementor-heading-title elementor-size-default\">Ancestral and metropolitan city in the andes<\/h3>\t\t<\/div>\n\t\t\t\t<\/div>\n\t\t\t\t<div class=\"elementor-element elementor-element-e058dfc elementor-widget elementor-widget-text-editor\" data-id=\"e058dfc\" data-element_type=\"widget\" data-widget_type=\"text-editor.default\">\n\t\t\t\t<div class=\"elementor-widget-container\">\n\t\t\t\t\t\t\t<p><span style=\"font-weight: 400;\"><strong>Part of your adventure begins in the equinoctial capital!<\/strong> One of the most important airports in Ecuador and South America is located in Quito.\u00a0<\/span><\/p><p><span style=\"font-weight: 400;\">Quito is a city rich in activities, viewpoints, historic buildings, and sites, all surrounded by nature. It will take a few days to explore every corner of the city. Here we provide some topics that might interest you and activities to help you create your ideal plan in KITU, this Latin, Andean, and equinoctial city.<\/span><\/p><p><span style=\"font-weight: 400;\">Our city tour or full-day tour is a great opportunity to appreciate the city from different viewpoints, perspectives, and through various activities. Nature, architecture, art, Andean archaeology, new flavors, landscapes, and much more await you.<\/span><\/p><p><span style=\"font-weight: 400;\">Optional activities in Quito:<\/span><\/p><ul><li><i><span style=\"font-weight: 400;\">Historical Center of Quito: \u201cQuito\u2019s Jewel\u201d.<\/span><\/i><span style=\"font-weight: 400;\">\u00a0<\/span><\/li><li><i><span style=\"font-weight: 400;\">City Bike tour <\/span><\/i><span style=\"font-weight: 400;\">to explore Quito\u2019s Northern area<\/span><\/li><li><i><span style=\"font-weight: 400;\">Cable car or Teleferico, to the sky!<\/span><\/i><span style=\"font-weight: 400;\">\u00a0<\/span><\/li><li><i><span style=\"font-weight: 400;\">Archeological Museum time!<\/span><\/i><span style=\"font-weight: 400;\">\u00a0<\/span><\/li><li><i><span style=\"font-weight: 400;\">Contemporary Art Museums<\/span><\/i><span style=\"font-weight: 400;\">.\u00a0<\/span><\/li><li><span style=\"font-weight: 400;\">Traditional food or gastronomical tour\u00a0<\/span><\/li><\/ul>\t\t\t\t\t\t<\/div>\n\t\t\t\t<\/div>\n\t\t\t\t<div class=\"elementor-element elementor-element-a9852e5 elementor-widget elementor-widget-image\" data-id=\"a9852e5\" data-element_type=\"widget\" data-widget_type=\"image.default\">\n\t\t\t\t<div class=\"elementor-widget-container\">\n\t\t\t\t\t\t\t\t\t\t\t\t\t<img decoding=\"async\" width=\"720\" height=\"960\" src=\"https:\/\/quilotoa.org\/alpaka\/wp-content\/uploads\/2024\/09\/quits-001-768x1024.jpg\" class=\"attachment-large size-large wp-image-232\" alt=\"\" srcset=\"https:\/\/quilotoa.org\/alpaka\/wp-content\/uploads\/2024\/09\/quits-001-768x1024.jpg 768w, https:\/\/quilotoa.org\/alpaka\/wp-content\/uploads\/2024\/09\/quits-001-225x300.jpg 225w, https:\/\/quilotoa.org\/alpaka\/wp-content\/uploads\/2024\/09\/quits-001-1152x1536.jpg 1152w, https:\/\/quilotoa.org\/alpaka\/wp-content\/uploads\/2024\/09\/quits-001-1536x2048.jpg 1536w, https:\/\/quilotoa.org\/alpaka\/wp-content\/uploads\/2024\/09\/quits-001-600x800.jpg 600w, https:\/\/quilotoa.org\/alpaka\/wp-content\/uploads\/2024\/09\/quits-001-scaled.jpg 1920w\" sizes=\"(max-width: 720px) 100vw, 720px\" \/>\t\t\t\t\t\t\t\t\t\t\t\t\t<\/div>\n\t\t\t\t<\/div>\n\t\t\t\t\t<\/div>\n\t\t<\/div>\n\t\t\t\t\t<\/div>\n\t\t<\/section>\n\t\t\t\t<section class=\"elementor-section elementor-top-section elementor-element elementor-element-57ae4e4a elementor-section-boxed elementor-section-height-default elementor-section-height-default\" data-id=\"57ae4e4a\" data-element_type=\"section\">\n\t\t\t\t\t\t<div class=\"elementor-container elementor-column-gap-no\">\n\t\t\t\t\t<div class=\"elementor-column elementor-col-100 elementor-top-column elementor-element elementor-element-34fa577a\" data-id=\"34fa577a\" data-element_type=\"column\">\n\t\t\t<div class=\"elementor-widget-wrap elementor-element-populated\">\n\t\t\t\t\t\t<div class=\"elementor-element elementor-element-4a152bbe elementor-widget elementor-widget-image-carousel\" data-id=\"4a152bbe\" data-element_type=\"widget\" data-settings=\"{&quot;slides_to_show&quot;:&quot;5&quot;,&quot;navigation&quot;:&quot;none&quot;,&quot;slides_to_show_tablet&quot;:&quot;4&quot;,&quot;slides_to_show_mobile&quot;:&quot;2&quot;,&quot;autoplay&quot;:&quot;yes&quot;,&quot;pause_on_hover&quot;:&quot;yes&quot;,&quot;pause_on_interaction&quot;:&quot;yes&quot;,&quot;autoplay_speed&quot;:5000,&quot;infinite&quot;:&quot;yes&quot;,&quot;speed&quot;:500}\" data-widget_type=\"image-carousel.default\">\n\t\t\t\t<div class=\"elementor-widget-container\">\n\t\t\t\t\t<div class=\"elementor-image-carousel-wrapper swiper\" dir=\"ltr\">\n\t\t\t<div class=\"elementor-image-carousel swiper-wrapper\" aria-live=\"off\">\n\t\t\t\t\t\t\t\t<div class=\"swiper-slide\" role=\"group\" aria-roledescription=\"slide\" aria-label=\"1 of 5\"><figure class=\"swiper-slide-inner\"><img decoding=\"async\" class=\"swiper-slide-image\" src=\"https:\/\/demo.bosathemes.com\/bosa\/travel-tour\/wp-content\/uploads\/sites\/77\/2023\/04\/img45.png\" alt=\"Cart\" \/><\/figure><\/div><div class=\"swiper-slide\" role=\"group\" aria-roledescription=\"slide\" aria-label=\"2 of 5\"><figure class=\"swiper-slide-inner\"><img decoding=\"async\" class=\"swiper-slide-image\" src=\"https:\/\/demo.bosathemes.com\/bosa\/travel-tour\/wp-content\/uploads\/sites\/77\/2023\/04\/img46.png\" alt=\"Checkout\" \/><\/figure><\/div><div class=\"swiper-slide\" role=\"group\" aria-roledescription=\"slide\" aria-label=\"3 of 5\"><figure class=\"swiper-slide-inner\"><img decoding=\"async\" class=\"swiper-slide-image\" src=\"https:\/\/demo.bosathemes.com\/bosa\/travel-tour\/wp-content\/uploads\/sites\/77\/2023\/04\/img47.png\" alt=\"My account\" \/><\/figure><\/div><div class=\"swiper-slide\" role=\"group\" aria-roledescription=\"slide\" aria-label=\"4 of 5\"><figure class=\"swiper-slide-inner\"><img decoding=\"async\" class=\"swiper-slide-image\" src=\"https:\/\/demo.bosathemes.com\/bosa\/travel-tour\/wp-content\/uploads\/sites\/77\/2023\/04\/img48.png\" alt=\"Refund and Returns Policy\" \/><\/figure><\/div><div class=\"swiper-slide\" role=\"group\" aria-roledescription=\"slide\" aria-label=\"5 of 5\"><figure class=\"swiper-slide-inner\"><img decoding=\"async\" class=\"swiper-slide-image\" src=\"https:\/\/demo.bosathemes.com\/bosa\/travel-tour\/wp-content\/uploads\/sites\/77\/2023\/04\/img49.png\" alt=\"Refund and Returns Policy\" \/><\/figure><\/div>\t\t\t<\/div>\n\t\t\t\t\t\t\t\n\t\t\t\t\t\t\t\t\t<\/div>\n\t\t\t\t<\/div>\n\t\t\t\t<\/div>\n\t\t\t\t\t<\/div>\n\t\t<\/div>\n\t\t\t\t\t<\/div>\n\t\t<\/section>\n\t\t\t\t<\/div>\n\t\t","protected":false},"excerpt":{"rendered":"<p>QUITO ciudad ancestras y metropolitana de los andes \u00a1Parte de tu aventura comienza en la capital equinoccial! Uno de los aeropuertos m\u00e1s importantes de Ecuador y Sudam\u00e9rica se encuentra en Quito. Quito es una ciudad diversa en actividades, miradores, edificios y lugares hist\u00f3ricos, todo rodeado de naturaleza. S\u00f3lo para explorar Quito ser\u00e1n necesarios algunos d\u00edas para conocer cada rinc\u00f3n de [&hellip;]<\/p>\n","protected":false},"author":1,"featured_media":0,"parent":0,"menu_order":0,"comment_status":"closed","ping_status":"closed","template":"elementor_header_footer","meta":{"footnotes":""},"class_list":["post-219","page","type-page","status-publish","hentry"],"_links":{"self":[{"href":"https:\/\/quilotoa.org\/alpaka\/wp-json\/wp\/v2\/pages\/219","targetHints":{"allow":["GET"]}}],"collection":[{"href":"https:\/\/quilotoa.org\/alpaka\/wp-json\/wp\/v2\/pages"}],"about":[{"href":"https:\/\/quilotoa.org\/alpaka\/wp-json\/wp\/v2\/types\/page"}],"author":[{"embeddable":true,"href":"https:\/\/quilotoa.org\/alpaka\/wp-json\/wp\/v2\/users\/1"}],"replies":[{"embeddable":true,"href":"https:\/\/quilotoa.org\/alpaka\/wp-json\/wp\/v2\/comments?post=219"}],"version-history":[{"count":7,"href":"https:\/\/quilotoa.org\/alpaka\/wp-json\/wp\/v2\/pages\/219\/revisions"}],"predecessor-version":[{"id":235,"href":"https:\/\/quilotoa.org\/alpaka\/wp-json\/wp\/v2\/pages\/219\/revisions\/235"}],"wp:attachment":[{"href":"https:\/\/quilotoa.org\/alpaka\/wp-json\/wp\/v2\/media?parent=219"}],"curies":[{"name":"wp","href":"https:\/\/api.w.org\/{rel}","templated":true}]}}